{"id":2705146,"date":"2025-09-24T01:22:49","date_gmt":"2025-09-23T23:22:49","guid":{"rendered":"https:\/\/streetmarkets.fr\/app\/produit\/sac-de-voyage-evasion-mystere-bleu\/"},"modified":"2026-05-02T01:17:42","modified_gmt":"2026-05-01T23:17:42","slug":"sac-de-voyage-evasion-mystere-bleu","status":"publish","type":"product","link":"https:\/\/streetmarkets.fr\/app\/produit\/sac-de-voyage-evasion-mystere-bleu\/","title":{"rendered":"Sac de Voyage Evasion Myst\u00e8re Bleu"},"content":{"rendered":"<p><a href=\"https:\/\/frenchtouche.com\/collections\/mapoesie\" title=\"Collection MAPOESIE\"><strong>Collection MAPOESIE<\/strong><\/a><\/p>\n<ul>\n<li><span><span>Velours de coton imprim\u00e9<\/span><\/span><\/li>\n<li><span><span>Environ 47 x 33 x 23 cm<\/span><\/span><\/li>\n<li><span><span>Impression au cadre<\/span><\/span><\/li>\n<li><span><span>Bandouli\u00e8re ajustable en coton<\/span><\/span><\/li>\n<li><span><span>Anses en coton<\/span><\/span><\/li>\n<li><span><span>Fermeture zipp\u00e9e<\/span><\/span><\/li>\n<li><span><span>Int\u00e9rieur doubl\u00e9<\/span><\/span><\/li>\n<li><span><span>Format large avec fond plat<\/span><\/span><\/li>\n<li><span><span>Multiples poches int\u00e9rieurs<\/span><\/span><\/li>\n<li><span><span>Finitions en cuir<\/span><\/span><\/li>\n<\/ul>\n<p><span>Dessin\u00e9 in France<br \/>Fabriqu\u00e9 artisanalement en Inde<\/span><\/p>\n<p><span> <strong><em>:: Disponible uniquement en retrait en boutique ! ::<\/em><\/strong><\/span><\/p>\n","protected":false},"excerpt":{"rendered":"<p>Collection MAPOESIE Velours de coton imprim\u00e9 Environ 47 x 33 x 23 cm Impression au cadre Bandouli\u00e8re ajustable en coton Anses en coton Fermeture zipp\u00e9e Int\u00e9rieur doubl\u00e9 Format large avec fond plat Multiples poches int\u00e9rieurs Finitions en cuir Dessin\u00e9 in FranceFabriqu\u00e9 artisanalement en Inde :: Disponible uniquement en retrait en boutique ! ::<\/p>\n","protected":false},"featured_media":2705147,"comment_status":"open","ping_status":"closed","template":"","meta":[],"product_brand":[],"product_cat":[1756,1764],"product_tag":[2244,1811],"acf":[],"_links":{"self":[{"href":"https:\/\/streetmarkets.fr\/app\/wp-json\/wp\/v2\/product\/2705146"}],"collection":[{"href":"https:\/\/streetmarkets.fr\/app\/wp-json\/wp\/v2\/product"}],"about":[{"href":"https:\/\/streetmarkets.fr\/app\/wp-json\/wp\/v2\/types\/product"}],"replies":[{"embeddable":true,"href":"https:\/\/streetmarkets.fr\/app\/wp-json\/wp\/v2\/comments?post=2705146"}],"wp:featuredmedia":[{"embeddable":true,"href":"https:\/\/streetmarkets.fr\/app\/wp-json\/wp\/v2\/media\/2705147"}],"wp:attachment":[{"href":"https:\/\/streetmarkets.fr\/app\/wp-json\/wp\/v2\/media?parent=2705146"}],"wp:term":[{"taxonomy":"product_brand","embeddable":true,"href":"https:\/\/streetmarkets.fr\/app\/wp-json\/wp\/v2\/product_brand?post=2705146"},{"taxonomy":"product_cat","embeddable":true,"href":"https:\/\/streetmarkets.fr\/app\/wp-json\/wp\/v2\/product_cat?post=2705146"},{"taxonomy":"product_tag","embeddable":true,"href":"https:\/\/streetmarkets.fr\/app\/wp-json\/wp\/v2\/product_tag?post=2705146"}],"curies":[{"name":"wp","href":"https:\/\/api.w.org\/{rel}","templated":true}]}}