{"id":2705130,"date":"2025-09-24T01:22:48","date_gmt":"2025-09-23T23:22:48","guid":{"rendered":"https:\/\/streetmarkets.fr\/app\/produit\/pochette-goa-mouvance-bleu\/"},"modified":"2026-04-29T01:13:48","modified_gmt":"2026-04-28T23:13:48","slug":"pochette-goa-mouvance-bleu","status":"publish","type":"product","link":"https:\/\/streetmarkets.fr\/app\/produit\/pochette-goa-mouvance-bleu\/","title":{"rendered":"Pochette Goa Mouvance Bleu"},"content":{"rendered":"<p><a title=\"Collection MAPOESIE\" href=\"https:\/\/frenchtouche.com\/collections\/mapoesie\"><strong>Collection MAPOESIE<\/strong><\/a><\/p>\n<ul>\n<li>\n<p><span>Velours de coton imprim\u00e9<\/span>\n<\/li>\n<li><span>Impression au cadre<\/span><\/li>\n<li>\n<span>Environ 23 x 17 cm<\/span>\n<\/li>\n<li data-mce-fragment=\"1\">Fermeture zipp\u00e9e<\/li>\n<li data-mce-fragment=\"1\">Int\u00e9rieur doubl\u00e9\n<\/li>\n<\/ul>\n<p data-mce-fragment=\"1\"><span data-mce-fragment=\"1\">Dessin\u00e9e en France<br data-mce-fragment=\"1\">Fabriqu\u00e9e artisanalement en Inde<\/span><\/p>\n","protected":false},"excerpt":{"rendered":"<p>Collection MAPOESIE Velours de coton imprim\u00e9 Impression au cadre Environ 23 x 17 cm Fermeture zipp\u00e9e Int\u00e9rieur doubl\u00e9 Dessin\u00e9e en FranceFabriqu\u00e9e artisanalement en Inde<\/p>\n","protected":false},"featured_media":2705131,"comment_status":"open","ping_status":"closed","template":"","meta":[],"product_brand":[],"product_cat":[1756,1764],"product_tag":[2244,1811],"acf":[],"_links":{"self":[{"href":"https:\/\/streetmarkets.fr\/app\/wp-json\/wp\/v2\/product\/2705130"}],"collection":[{"href":"https:\/\/streetmarkets.fr\/app\/wp-json\/wp\/v2\/product"}],"about":[{"href":"https:\/\/streetmarkets.fr\/app\/wp-json\/wp\/v2\/types\/product"}],"replies":[{"embeddable":true,"href":"https:\/\/streetmarkets.fr\/app\/wp-json\/wp\/v2\/comments?post=2705130"}],"wp:featuredmedia":[{"embeddable":true,"href":"https:\/\/streetmarkets.fr\/app\/wp-json\/wp\/v2\/media\/2705131"}],"wp:attachment":[{"href":"https:\/\/streetmarkets.fr\/app\/wp-json\/wp\/v2\/media?parent=2705130"}],"wp:term":[{"taxonomy":"product_brand","embeddable":true,"href":"https:\/\/streetmarkets.fr\/app\/wp-json\/wp\/v2\/product_brand?post=2705130"},{"taxonomy":"product_cat","embeddable":true,"href":"https:\/\/streetmarkets.fr\/app\/wp-json\/wp\/v2\/product_cat?post=2705130"},{"taxonomy":"product_tag","embeddable":true,"href":"https:\/\/streetmarkets.fr\/app\/wp-json\/wp\/v2\/product_tag?post=2705130"}],"curies":[{"name":"wp","href":"https:\/\/api.w.org\/{rel}","templated":true}]}}