{"id":2699852,"date":"2025-09-23T01:57:15","date_gmt":"2025-09-22T23:57:15","guid":{"rendered":"https:\/\/streetmarkets.fr\/app\/produit\/veste-surchemise-h25-femme-raspberry-pink\/"},"modified":"2026-02-25T00:54:28","modified_gmt":"2026-02-24T23:54:28","slug":"veste-surchemise-h25-femme-raspberry-pink","status":"publish","type":"product","link":"https:\/\/streetmarkets.fr\/app\/produit\/veste-surchemise-h25-femme-raspberry-pink\/","title":{"rendered":"Veste (H25 \/ FEMME \/ Raspberry Pink)"},"content":{"rendered":"<p>Coupe impeccable et lignes affirm\u00e9es, cette veste surchemise courte en laine double face r\u00e9chauffe votre allure tout en douceur. Muni d&#8217;un col chemise, d&#8217;une fermeture \u00e0 boutons pression et de deux poches poitrine plaqu\u00e9es \u00e0 rabat, il d\u00e9voile une silhouette \u00e9l\u00e9gante et structur\u00e9e. Pi\u00e8ce indispensable de la saison, il accompagne vos tenues d\u00e9contract\u00e9es comme plus sophistiqu\u00e9es.<\/p>\n<p>&#8211; Manteau court en laine double face Femme <br \/>&#8211; Col chemise <br \/>&#8211; Manches longues <br \/>&#8211; Fermeture \u00e0 boutons pression <br \/>&#8211; 2 poches poitrine plaqu\u00e9es \u00e0 rabat <br \/>&#8211; Coupe regular<\/p>\n","protected":false},"excerpt":{"rendered":"<p>Coupe impeccable et lignes affirm\u00e9es, cette veste surchemise courte en laine double face r\u00e9chauffe votre allure tout en douceur. Muni d&#8217;un col chemise, d&#8217;une fermeture \u00e0 boutons pression et de deux poches poitrine plaqu\u00e9es \u00e0 rabat, il d\u00e9voile une silhouette \u00e9l\u00e9gante et structur\u00e9e. Pi\u00e8ce indispensable de la saison, il accompagne vos tenues d\u00e9contract\u00e9es comme plus [&hellip;]<\/p>\n","protected":false},"featured_media":2699853,"comment_status":"open","ping_status":"closed","template":"","meta":[],"product_brand":[6868],"product_cat":[1756,1762],"product_tag":[2244],"acf":[],"_links":{"self":[{"href":"https:\/\/streetmarkets.fr\/app\/wp-json\/wp\/v2\/product\/2699852"}],"collection":[{"href":"https:\/\/streetmarkets.fr\/app\/wp-json\/wp\/v2\/product"}],"about":[{"href":"https:\/\/streetmarkets.fr\/app\/wp-json\/wp\/v2\/types\/product"}],"replies":[{"embeddable":true,"href":"https:\/\/streetmarkets.fr\/app\/wp-json\/wp\/v2\/comments?post=2699852"}],"wp:featuredmedia":[{"embeddable":true,"href":"https:\/\/streetmarkets.fr\/app\/wp-json\/wp\/v2\/media\/2699853"}],"wp:attachment":[{"href":"https:\/\/streetmarkets.fr\/app\/wp-json\/wp\/v2\/media?parent=2699852"}],"wp:term":[{"taxonomy":"product_brand","embeddable":true,"href":"https:\/\/streetmarkets.fr\/app\/wp-json\/wp\/v2\/product_brand?post=2699852"},{"taxonomy":"product_cat","embeddable":true,"href":"https:\/\/streetmarkets.fr\/app\/wp-json\/wp\/v2\/product_cat?post=2699852"},{"taxonomy":"product_tag","embeddable":true,"href":"https:\/\/streetmarkets.fr\/app\/wp-json\/wp\/v2\/product_tag?post=2699852"}],"curies":[{"name":"wp","href":"https:\/\/api.w.org\/{rel}","templated":true}]}}