{"id":2699659,"date":"2025-09-22T06:52:57","date_gmt":"2025-09-22T04:52:57","guid":{"rendered":"https:\/\/streetmarkets.fr\/app\/produit\/sciarpa-241202-02\/"},"modified":"2026-03-16T05:49:30","modified_gmt":"2026-03-16T04:49:30","slug":"sciarpa-241202-02","status":"publish","type":"product","link":"https:\/\/streetmarkets.fr\/app\/produit\/sciarpa-241202-02\/","title":{"rendered":"Sciarpa &#8211; 241202-02"},"content":{"rendered":"<p data-start=\"145\" data-end=\"415\"><strong data-start=\"145\" data-end=\"178\">L\u2019\u00e9charpe Sciarpa \u2013 241202-02<\/strong> incarne l\u2019\u00e9l\u00e9gance intemporelle de <strong data-start=\"214\" data-end=\"231\">Gierre Milano<\/strong>. Confectionn\u00e9e dans un m\u00e9lange subtil de lin et coton, elle offre une l\u00e9g\u00e8ret\u00e9 agr\u00e9able et une douceur naturelle, parfaites pour accompagner les journ\u00e9es de mi-saison.<\/p>\n<p class=\"whitespace-break-spaces\">Son fond <strong>bleu nuit intense<\/strong> est rehauss\u00e9 de <strong>motifs abstraits dor\u00e9s<\/strong> d\u00e9licatement travaill\u00e9s, apportant une touche \u00e0 la fois graphique et sophistiqu\u00e9e. Quelques accents subtils viennent compl\u00e9ter cette palette \u00e9l\u00e9gante.<\/p>\n","protected":false},"excerpt":{"rendered":"<p>L\u2019\u00e9charpe Sciarpa \u2013 241202-02 incarne l\u2019\u00e9l\u00e9gance intemporelle de Gierre Milano. Confectionn\u00e9e dans un m\u00e9lange subtil de lin et coton, elle offre une l\u00e9g\u00e8ret\u00e9 agr\u00e9able et une douceur naturelle, parfaites pour accompagner les journ\u00e9es de mi-saison. Son fond bleu nuit intense est rehauss\u00e9 de motifs abstraits dor\u00e9s d\u00e9licatement travaill\u00e9s, apportant une touche \u00e0 la fois graphique [&hellip;]<\/p>\n","protected":false},"featured_media":2699660,"comment_status":"open","ping_status":"closed","template":"","meta":[],"product_brand":[],"product_cat":[1756,1760],"product_tag":[2244],"acf":[],"_links":{"self":[{"href":"https:\/\/streetmarkets.fr\/app\/wp-json\/wp\/v2\/product\/2699659"}],"collection":[{"href":"https:\/\/streetmarkets.fr\/app\/wp-json\/wp\/v2\/product"}],"about":[{"href":"https:\/\/streetmarkets.fr\/app\/wp-json\/wp\/v2\/types\/product"}],"replies":[{"embeddable":true,"href":"https:\/\/streetmarkets.fr\/app\/wp-json\/wp\/v2\/comments?post=2699659"}],"wp:featuredmedia":[{"embeddable":true,"href":"https:\/\/streetmarkets.fr\/app\/wp-json\/wp\/v2\/media\/2699660"}],"wp:attachment":[{"href":"https:\/\/streetmarkets.fr\/app\/wp-json\/wp\/v2\/media?parent=2699659"}],"wp:term":[{"taxonomy":"product_brand","embeddable":true,"href":"https:\/\/streetmarkets.fr\/app\/wp-json\/wp\/v2\/product_brand?post=2699659"},{"taxonomy":"product_cat","embeddable":true,"href":"https:\/\/streetmarkets.fr\/app\/wp-json\/wp\/v2\/product_cat?post=2699659"},{"taxonomy":"product_tag","embeddable":true,"href":"https:\/\/streetmarkets.fr\/app\/wp-json\/wp\/v2\/product_tag?post=2699659"}],"curies":[{"name":"wp","href":"https:\/\/api.w.org\/{rel}","templated":true}]}}