{"id":2699643,"date":"2025-09-22T06:52:56","date_gmt":"2025-09-22T04:52:56","guid":{"rendered":"https:\/\/streetmarkets.fr\/app\/produit\/sciarpa-241208-03\/"},"modified":"2026-03-16T05:49:30","modified_gmt":"2026-03-16T04:49:30","slug":"sciarpa-241208-03","status":"publish","type":"product","link":"https:\/\/streetmarkets.fr\/app\/produit\/sciarpa-241208-03\/","title":{"rendered":"Sciarpa &#8211; 241208-03"},"content":{"rendered":"<p data-start=\"145\" data-end=\"415\"><strong data-start=\"145\" data-end=\"178\">L\u2019\u00e9charpe Sciarpa \u2013 241208-03<\/strong> incarne l\u2019\u00e9l\u00e9gance intemporelle de <strong data-start=\"214\" data-end=\"231\">Gierre Milano<\/strong>. Confectionn\u00e9e dans un m\u00e9lange subtil de <strong data-start=\"273\" data-end=\"289\">lin et coton<\/strong>, elle offre une <strong data-start=\"306\" data-end=\"327\">l\u00e9g\u00e8ret\u00e9 agr\u00e9able<\/strong> et une <strong data-start=\"335\" data-end=\"356\">douceur naturelle<\/strong>, parfaites pour accompagner les <strong data-start=\"389\" data-end=\"414\" data-is-only-node=\"\">journ\u00e9es de mi-saison<\/strong>.<\/p>\n<p data-start=\"417\" data-end=\"825\">Son fond <strong data-start=\"426\" data-end=\"447\">bleu nuit intense<\/strong> est rehauss\u00e9 de <strong data-start=\"464\" data-end=\"488\">motifs floraux verts<\/strong> d\u00e9licatement travaill\u00e9s, apportant une touche \u00e0 la fois <strong data-start=\"545\" data-end=\"574\">graphique et sophistiqu\u00e9e<\/strong>. Quelques accents beiges subtils viennent compl\u00e9ter cette palette \u00e9l\u00e9gante. Cette \u00e9charpe se distingue par sa <strong data-start=\"685\" data-end=\"700\">polyvalence<\/strong>, capable de sublimer aussi bien un <strong data-start=\"736\" data-end=\"756\">look d\u00e9contract\u00e9<\/strong> qu\u2019une <strong data-start=\"764\" data-end=\"782\">tenue habill\u00e9e<\/strong>, avec une note de <strong data-start=\"801\" data-end=\"824\">raffinement discret<\/strong>.<\/p>\n","protected":false},"excerpt":{"rendered":"<p>L\u2019\u00e9charpe Sciarpa \u2013 241208-03 incarne l\u2019\u00e9l\u00e9gance intemporelle de Gierre Milano. Confectionn\u00e9e dans un m\u00e9lange subtil de lin et coton, elle offre une l\u00e9g\u00e8ret\u00e9 agr\u00e9able et une douceur naturelle, parfaites pour accompagner les journ\u00e9es de mi-saison. Son fond bleu nuit intense est rehauss\u00e9 de motifs floraux verts d\u00e9licatement travaill\u00e9s, apportant une touche \u00e0 la fois graphique [&hellip;]<\/p>\n","protected":false},"featured_media":2699644,"comment_status":"open","ping_status":"closed","template":"","meta":[],"product_brand":[],"product_cat":[1756,1760],"product_tag":[2244],"acf":[],"_links":{"self":[{"href":"https:\/\/streetmarkets.fr\/app\/wp-json\/wp\/v2\/product\/2699643"}],"collection":[{"href":"https:\/\/streetmarkets.fr\/app\/wp-json\/wp\/v2\/product"}],"about":[{"href":"https:\/\/streetmarkets.fr\/app\/wp-json\/wp\/v2\/types\/product"}],"replies":[{"embeddable":true,"href":"https:\/\/streetmarkets.fr\/app\/wp-json\/wp\/v2\/comments?post=2699643"}],"wp:featuredmedia":[{"embeddable":true,"href":"https:\/\/streetmarkets.fr\/app\/wp-json\/wp\/v2\/media\/2699644"}],"wp:attachment":[{"href":"https:\/\/streetmarkets.fr\/app\/wp-json\/wp\/v2\/media?parent=2699643"}],"wp:term":[{"taxonomy":"product_brand","embeddable":true,"href":"https:\/\/streetmarkets.fr\/app\/wp-json\/wp\/v2\/product_brand?post=2699643"},{"taxonomy":"product_cat","embeddable":true,"href":"https:\/\/streetmarkets.fr\/app\/wp-json\/wp\/v2\/product_cat?post=2699643"},{"taxonomy":"product_tag","embeddable":true,"href":"https:\/\/streetmarkets.fr\/app\/wp-json\/wp\/v2\/product_tag?post=2699643"}],"curies":[{"name":"wp","href":"https:\/\/api.w.org\/{rel}","templated":true}]}}