{"id":2699589,"date":"2025-09-22T06:52:51","date_gmt":"2025-09-22T04:52:51","guid":{"rendered":"https:\/\/streetmarkets.fr\/app\/produit\/sciarpa-241229-01\/"},"modified":"2026-03-16T05:49:29","modified_gmt":"2026-03-16T04:49:29","slug":"sciarpa-241229-01","status":"publish","type":"product","link":"https:\/\/streetmarkets.fr\/app\/produit\/sciarpa-241229-01\/","title":{"rendered":"Sciarpa &#8211; 241229-01"},"content":{"rendered":"<p data-start=\"136\" data-end=\"390\">L\u2019\u00e9charpe <strong data-start=\"146\" data-end=\"183\">Sciarpa \u2013 241229-01<\/strong>\u00a0incarne la cr\u00e9ativit\u00e9 et le raffinement de <strong data-start=\"227\" data-end=\"244\">Gierre Milano<\/strong>. Confectionn\u00e9e dans un m\u00e9lange l\u00e9ger de lin et coton, elle offre une texture douce et a\u00e9rienne, id\u00e9ale pour la mi-saison.<\/p>\n<p data-start=\"316\" data-end=\"596\">Ses nuances profondes de bleu s\u2019harmonisent avec des touches de vert vif et des motifs g\u00e9om\u00e9triques d\u00e9licats, cr\u00e9ant un contraste moderne et \u00e9l\u00e9gant. Les rayures graphiques et les d\u00e9tails tiss\u00e9s apportent dynamisme et originalit\u00e9, tout en conservant une sophistication discr\u00e8te.<\/p>\n","protected":false},"excerpt":{"rendered":"<p>L\u2019\u00e9charpe Sciarpa \u2013 241229-01\u00a0incarne la cr\u00e9ativit\u00e9 et le raffinement de Gierre Milano. Confectionn\u00e9e dans un m\u00e9lange l\u00e9ger de lin et coton, elle offre une texture douce et a\u00e9rienne, id\u00e9ale pour la mi-saison. Ses nuances profondes de bleu s\u2019harmonisent avec des touches de vert vif et des motifs g\u00e9om\u00e9triques d\u00e9licats, cr\u00e9ant un contraste moderne et \u00e9l\u00e9gant. [&hellip;]<\/p>\n","protected":false},"featured_media":2699590,"comment_status":"open","ping_status":"closed","template":"","meta":[],"product_brand":[],"product_cat":[1756,1760],"product_tag":[2244],"acf":[],"_links":{"self":[{"href":"https:\/\/streetmarkets.fr\/app\/wp-json\/wp\/v2\/product\/2699589"}],"collection":[{"href":"https:\/\/streetmarkets.fr\/app\/wp-json\/wp\/v2\/product"}],"about":[{"href":"https:\/\/streetmarkets.fr\/app\/wp-json\/wp\/v2\/types\/product"}],"replies":[{"embeddable":true,"href":"https:\/\/streetmarkets.fr\/app\/wp-json\/wp\/v2\/comments?post=2699589"}],"wp:featuredmedia":[{"embeddable":true,"href":"https:\/\/streetmarkets.fr\/app\/wp-json\/wp\/v2\/media\/2699590"}],"wp:attachment":[{"href":"https:\/\/streetmarkets.fr\/app\/wp-json\/wp\/v2\/media?parent=2699589"}],"wp:term":[{"taxonomy":"product_brand","embeddable":true,"href":"https:\/\/streetmarkets.fr\/app\/wp-json\/wp\/v2\/product_brand?post=2699589"},{"taxonomy":"product_cat","embeddable":true,"href":"https:\/\/streetmarkets.fr\/app\/wp-json\/wp\/v2\/product_cat?post=2699589"},{"taxonomy":"product_tag","embeddable":true,"href":"https:\/\/streetmarkets.fr\/app\/wp-json\/wp\/v2\/product_tag?post=2699589"}],"curies":[{"name":"wp","href":"https:\/\/api.w.org\/{rel}","templated":true}]}}