{"id":2699585,"date":"2025-09-22T06:52:51","date_gmt":"2025-09-22T04:52:51","guid":{"rendered":"https:\/\/streetmarkets.fr\/app\/produit\/sciarpa-241229-05\/"},"modified":"2026-03-16T05:49:13","modified_gmt":"2026-03-16T04:49:13","slug":"sciarpa-241229-05","status":"publish","type":"product","link":"https:\/\/streetmarkets.fr\/app\/produit\/sciarpa-241229-05\/","title":{"rendered":"Sciarpa &#8211; 241229-05"},"content":{"rendered":"<p data-end=\"390\" data-start=\"136\">L\u2019\u00e9charpe <strong data-end=\"183\" data-start=\"146\">Sciarpa \u2013 241229-05<\/strong>\u00a0incarne la cr\u00e9ativit\u00e9 et le raffinement de <strong data-end=\"244\" data-start=\"227\">Gierre Milano<\/strong>. Confectionn\u00e9e dans un m\u00e9lange l\u00e9ger de lin et coton, elle offre une texture douce et respirante, parfaite pour la mi-saison.<\/p>\n<p data-end=\"697\" data-start=\"362\">Son fond <strong data-end=\"395\" data-start=\"371\">blanc cass\u00e9 lumineux<\/strong> est rythm\u00e9 par des <strong data-end=\"443\" data-start=\"415\">rayures vertes et bleues<\/strong> rehauss\u00e9es de touches <strong data-end=\"498\" data-start=\"466\">gris anthracite et turquoise<\/strong>, alternant motifs graphiques et lignes color\u00e9es. Ce jeu de contrastes subtils apporte fra\u00eecheur et modernit\u00e9, faisant de cette \u00e9charpe un accessoire id\u00e9al pour dynamiser un look casual ou habill\u00e9.<\/p>\n","protected":false},"excerpt":{"rendered":"<p>L\u2019\u00e9charpe Sciarpa \u2013 241229-05\u00a0incarne la cr\u00e9ativit\u00e9 et le raffinement de Gierre Milano. Confectionn\u00e9e dans un m\u00e9lange l\u00e9ger de lin et coton, elle offre une texture douce et respirante, parfaite pour la mi-saison. Son fond blanc cass\u00e9 lumineux est rythm\u00e9 par des rayures vertes et bleues rehauss\u00e9es de touches gris anthracite et turquoise, alternant motifs graphiques [&hellip;]<\/p>\n","protected":false},"featured_media":2699586,"comment_status":"open","ping_status":"closed","template":"","meta":[],"product_brand":[],"product_cat":[1756,1760],"product_tag":[2244],"acf":[],"_links":{"self":[{"href":"https:\/\/streetmarkets.fr\/app\/wp-json\/wp\/v2\/product\/2699585"}],"collection":[{"href":"https:\/\/streetmarkets.fr\/app\/wp-json\/wp\/v2\/product"}],"about":[{"href":"https:\/\/streetmarkets.fr\/app\/wp-json\/wp\/v2\/types\/product"}],"replies":[{"embeddable":true,"href":"https:\/\/streetmarkets.fr\/app\/wp-json\/wp\/v2\/comments?post=2699585"}],"wp:featuredmedia":[{"embeddable":true,"href":"https:\/\/streetmarkets.fr\/app\/wp-json\/wp\/v2\/media\/2699586"}],"wp:attachment":[{"href":"https:\/\/streetmarkets.fr\/app\/wp-json\/wp\/v2\/media?parent=2699585"}],"wp:term":[{"taxonomy":"product_brand","embeddable":true,"href":"https:\/\/streetmarkets.fr\/app\/wp-json\/wp\/v2\/product_brand?post=2699585"},{"taxonomy":"product_cat","embeddable":true,"href":"https:\/\/streetmarkets.fr\/app\/wp-json\/wp\/v2\/product_cat?post=2699585"},{"taxonomy":"product_tag","embeddable":true,"href":"https:\/\/streetmarkets.fr\/app\/wp-json\/wp\/v2\/product_tag?post=2699585"}],"curies":[{"name":"wp","href":"https:\/\/api.w.org\/{rel}","templated":true}]}}