{"id":2699581,"date":"2025-09-22T06:52:50","date_gmt":"2025-09-22T04:52:50","guid":{"rendered":"https:\/\/streetmarkets.fr\/app\/produit\/sciarpa-241231-03\/"},"modified":"2026-03-16T05:49:13","modified_gmt":"2026-03-16T04:49:13","slug":"sciarpa-241231-03","status":"publish","type":"product","link":"https:\/\/streetmarkets.fr\/app\/produit\/sciarpa-241231-03\/","title":{"rendered":"Sciarpa &#8211; 241231-03"},"content":{"rendered":"<p data-end=\"390\" data-start=\"136\">L\u2019\u00e9charpe <strong data-end=\"183\" data-start=\"146\">Sciarpa \u2013 241235-03<\/strong>\u00a0incarne la cr\u00e9ativit\u00e9 et le raffinement de <strong data-end=\"244\" data-start=\"227\">Gierre Milano<\/strong>. R\u00e9alis\u00e9e en lin et coton, elle se distingue par sa l\u00e9g\u00e8ret\u00e9 et son confort, id\u00e9ale pour apporter une touche originale aux tenues de mi-saison.<\/p>\n<p data-end=\"733\" data-start=\"392\">Sur un fond <strong data-end=\"421\" data-start=\"404\">beige naturel<\/strong>, son motif g\u00e9om\u00e9trique s\u2019anime de <strong data-end=\"526\" data-start=\"456\">nuances profondes de bordeaux, bleu, vert et touches de jaune dor\u00e9<\/strong>, cr\u00e9ant un contraste audacieux et \u00e9l\u00e9gant. Chic et singuli\u00e8re, elle s\u2019adapte aussi bien \u00e0 une tenue d\u00e9contract\u00e9e qu\u2019\u00e0 un style plus habill\u00e9, offrant une pointe d\u2019originalit\u00e9 sans compromis sur l\u2019\u00e9l\u00e9gance.<\/p>\n","protected":false},"excerpt":{"rendered":"<p>L\u2019\u00e9charpe Sciarpa \u2013 241235-03\u00a0incarne la cr\u00e9ativit\u00e9 et le raffinement de Gierre Milano. R\u00e9alis\u00e9e en lin et coton, elle se distingue par sa l\u00e9g\u00e8ret\u00e9 et son confort, id\u00e9ale pour apporter une touche originale aux tenues de mi-saison. Sur un fond beige naturel, son motif g\u00e9om\u00e9trique s\u2019anime de nuances profondes de bordeaux, bleu, vert et touches de [&hellip;]<\/p>\n","protected":false},"featured_media":2699582,"comment_status":"open","ping_status":"closed","template":"","meta":[],"product_brand":[],"product_cat":[1756,1760],"product_tag":[2244],"acf":[],"_links":{"self":[{"href":"https:\/\/streetmarkets.fr\/app\/wp-json\/wp\/v2\/product\/2699581"}],"collection":[{"href":"https:\/\/streetmarkets.fr\/app\/wp-json\/wp\/v2\/product"}],"about":[{"href":"https:\/\/streetmarkets.fr\/app\/wp-json\/wp\/v2\/types\/product"}],"replies":[{"embeddable":true,"href":"https:\/\/streetmarkets.fr\/app\/wp-json\/wp\/v2\/comments?post=2699581"}],"wp:featuredmedia":[{"embeddable":true,"href":"https:\/\/streetmarkets.fr\/app\/wp-json\/wp\/v2\/media\/2699582"}],"wp:attachment":[{"href":"https:\/\/streetmarkets.fr\/app\/wp-json\/wp\/v2\/media?parent=2699581"}],"wp:term":[{"taxonomy":"product_brand","embeddable":true,"href":"https:\/\/streetmarkets.fr\/app\/wp-json\/wp\/v2\/product_brand?post=2699581"},{"taxonomy":"product_cat","embeddable":true,"href":"https:\/\/streetmarkets.fr\/app\/wp-json\/wp\/v2\/product_cat?post=2699581"},{"taxonomy":"product_tag","embeddable":true,"href":"https:\/\/streetmarkets.fr\/app\/wp-json\/wp\/v2\/product_tag?post=2699581"}],"curies":[{"name":"wp","href":"https:\/\/api.w.org\/{rel}","templated":true}]}}