{"id":2699577,"date":"2025-09-22T06:52:37","date_gmt":"2025-09-22T04:52:37","guid":{"rendered":"https:\/\/streetmarkets.fr\/app\/produit\/sciarpa-241235-03\/"},"modified":"2026-03-16T05:49:13","modified_gmt":"2026-03-16T04:49:13","slug":"sciarpa-241235-03","status":"publish","type":"product","link":"https:\/\/streetmarkets.fr\/app\/produit\/sciarpa-241235-03\/","title":{"rendered":"Sciarpa &#8211; 241235-03"},"content":{"rendered":"<p data-end=\"374\" data-start=\"118\">L\u2019\u00e9charpe <strong data-end=\"165\" data-start=\"128\">Sciarpa \u2013 241235-03<\/strong> exprime toute l\u2019\u00e9l\u00e9gance contemporaine de <strong data-end=\"225\" data-start=\"208\">Gierre Milano<\/strong>. Confectionn\u00e9e dans un m\u00e9lange raffin\u00e9 de lin et coton, elle allie douceur, l\u00e9g\u00e8ret\u00e9 et confort, parfaite pour accompagner vos looks de mi-saison.<\/p>\n<p data-end=\"668\" data-start=\"376\">Sur un fond <strong data-end=\"410\" data-start=\"388\">bleu chin\u00e9 d\u00e9licat<\/strong>, son motif ornemental se d\u00e9cline en <strong data-end=\"485\" data-start=\"447\">nuances de blanc et de brun cuivr\u00e9<\/strong>, cr\u00e9ant un contraste harmonieux entre fra\u00eecheur et chaleur. \u00c9l\u00e9gante et originale, elle se porte aussi bien pour rehausser une tenue casual que pour sublimer un style plus habill\u00e9.<\/p>\n","protected":false},"excerpt":{"rendered":"<p>L\u2019\u00e9charpe Sciarpa \u2013 241235-03 exprime toute l\u2019\u00e9l\u00e9gance contemporaine de Gierre Milano. Confectionn\u00e9e dans un m\u00e9lange raffin\u00e9 de lin et coton, elle allie douceur, l\u00e9g\u00e8ret\u00e9 et confort, parfaite pour accompagner vos looks de mi-saison. Sur un fond bleu chin\u00e9 d\u00e9licat, son motif ornemental se d\u00e9cline en nuances de blanc et de brun cuivr\u00e9, cr\u00e9ant un contraste [&hellip;]<\/p>\n","protected":false},"featured_media":2699578,"comment_status":"open","ping_status":"closed","template":"","meta":[],"product_brand":[],"product_cat":[1756,1760],"product_tag":[2244],"acf":[],"_links":{"self":[{"href":"https:\/\/streetmarkets.fr\/app\/wp-json\/wp\/v2\/product\/2699577"}],"collection":[{"href":"https:\/\/streetmarkets.fr\/app\/wp-json\/wp\/v2\/product"}],"about":[{"href":"https:\/\/streetmarkets.fr\/app\/wp-json\/wp\/v2\/types\/product"}],"replies":[{"embeddable":true,"href":"https:\/\/streetmarkets.fr\/app\/wp-json\/wp\/v2\/comments?post=2699577"}],"wp:featuredmedia":[{"embeddable":true,"href":"https:\/\/streetmarkets.fr\/app\/wp-json\/wp\/v2\/media\/2699578"}],"wp:attachment":[{"href":"https:\/\/streetmarkets.fr\/app\/wp-json\/wp\/v2\/media?parent=2699577"}],"wp:term":[{"taxonomy":"product_brand","embeddable":true,"href":"https:\/\/streetmarkets.fr\/app\/wp-json\/wp\/v2\/product_brand?post=2699577"},{"taxonomy":"product_cat","embeddable":true,"href":"https:\/\/streetmarkets.fr\/app\/wp-json\/wp\/v2\/product_cat?post=2699577"},{"taxonomy":"product_tag","embeddable":true,"href":"https:\/\/streetmarkets.fr\/app\/wp-json\/wp\/v2\/product_tag?post=2699577"}],"curies":[{"name":"wp","href":"https:\/\/api.w.org\/{rel}","templated":true}]}}