{"id":2699573,"date":"2025-09-22T06:52:36","date_gmt":"2025-09-22T04:52:36","guid":{"rendered":"https:\/\/streetmarkets.fr\/app\/produit\/sciarpa-241235-02\/"},"modified":"2026-03-16T05:49:13","modified_gmt":"2026-03-16T04:49:13","slug":"sciarpa-241235-02","status":"publish","type":"product","link":"https:\/\/streetmarkets.fr\/app\/produit\/sciarpa-241235-02\/","title":{"rendered":"Sciarpa &#8211; 241235-02"},"content":{"rendered":"<p data-start=\"118\" data-end=\"374\">L\u2019\u00e9charpe <strong data-start=\"128\" data-end=\"165\">Sciarpa \u2013 241235-02<\/strong>\u00a0exprime toute l\u2019\u00e9l\u00e9gance contemporaine de <strong data-start=\"208\" data-end=\"225\">Gierre Milano<\/strong>. Confectionn\u00e9e dans un m\u00e9lange raffin\u00e9 de lin et coton, elle allie douceur, l\u00e9g\u00e8ret\u00e9 et confort, parfaite pour accompagner vos looks de mi-saison.<\/p>\n<p data-start=\"376\" data-end=\"668\">Sur un fond <strong data-start=\"388\" data-end=\"410\">bleu chin\u00e9 d\u00e9licat<\/strong>, son motif ornemental se d\u00e9cline en <strong data-start=\"447\" data-end=\"485\">nuances de vert et de marron<\/strong>, cr\u00e9ant un contraste harmonieux entre fra\u00eecheur et chaleur. \u00c9l\u00e9gante et originale, elle se porte aussi bien pour rehausser une tenue casual que pour sublimer un style plus habill\u00e9.<\/p>\n","protected":false},"excerpt":{"rendered":"<p>L\u2019\u00e9charpe Sciarpa \u2013 241235-02\u00a0exprime toute l\u2019\u00e9l\u00e9gance contemporaine de Gierre Milano. Confectionn\u00e9e dans un m\u00e9lange raffin\u00e9 de lin et coton, elle allie douceur, l\u00e9g\u00e8ret\u00e9 et confort, parfaite pour accompagner vos looks de mi-saison. Sur un fond bleu chin\u00e9 d\u00e9licat, son motif ornemental se d\u00e9cline en nuances de vert et de marron, cr\u00e9ant un contraste harmonieux entre [&hellip;]<\/p>\n","protected":false},"featured_media":2699574,"comment_status":"open","ping_status":"closed","template":"","meta":[],"product_brand":[],"product_cat":[1756,1760],"product_tag":[2244],"acf":[],"_links":{"self":[{"href":"https:\/\/streetmarkets.fr\/app\/wp-json\/wp\/v2\/product\/2699573"}],"collection":[{"href":"https:\/\/streetmarkets.fr\/app\/wp-json\/wp\/v2\/product"}],"about":[{"href":"https:\/\/streetmarkets.fr\/app\/wp-json\/wp\/v2\/types\/product"}],"replies":[{"embeddable":true,"href":"https:\/\/streetmarkets.fr\/app\/wp-json\/wp\/v2\/comments?post=2699573"}],"wp:featuredmedia":[{"embeddable":true,"href":"https:\/\/streetmarkets.fr\/app\/wp-json\/wp\/v2\/media\/2699574"}],"wp:attachment":[{"href":"https:\/\/streetmarkets.fr\/app\/wp-json\/wp\/v2\/media?parent=2699573"}],"wp:term":[{"taxonomy":"product_brand","embeddable":true,"href":"https:\/\/streetmarkets.fr\/app\/wp-json\/wp\/v2\/product_brand?post=2699573"},{"taxonomy":"product_cat","embeddable":true,"href":"https:\/\/streetmarkets.fr\/app\/wp-json\/wp\/v2\/product_cat?post=2699573"},{"taxonomy":"product_tag","embeddable":true,"href":"https:\/\/streetmarkets.fr\/app\/wp-json\/wp\/v2\/product_tag?post=2699573"}],"curies":[{"name":"wp","href":"https:\/\/api.w.org\/{rel}","templated":true}]}}