{"id":2694669,"date":"2025-09-22T02:08:36","date_gmt":"2025-09-22T00:08:36","guid":{"rendered":"https:\/\/streetmarkets.fr\/app\/produit\/nouveau-masscob-blouse-pippa-snow-precommande\/"},"modified":"2026-04-22T02:05:45","modified_gmt":"2026-04-22T00:05:45","slug":"nouveau-masscob-blouse-pippa-snow-precommande","status":"publish","type":"product","link":"https:\/\/streetmarkets.fr\/app\/produit\/nouveau-masscob-blouse-pippa-snow-precommande\/","title":{"rendered":"Nouveau ! MASSCOB Blouse Pippa Snow"},"content":{"rendered":"<p data-rte-preserve-empty=\"true\">Blouse en coton boutonn\u00e9e, coupe ample, manches longues et poignets resserr\u00e9s, emmanchure large, petit col, pliss\u00e9 devant et dos. <\/p>\n<p data-rte-preserve-empty=\"true\">D\u00e9tail : 100% coton<\/p>\n","protected":false},"excerpt":{"rendered":"<p>Blouse en coton boutonn\u00e9e, coupe ample, manches longues et poignets resserr\u00e9s, emmanchure large, petit col, pliss\u00e9 devant et dos. D\u00e9tail : 100% coton<\/p>\n","protected":false},"featured_media":2694670,"comment_status":"open","ping_status":"closed","template":"","meta":[],"product_brand":[],"product_cat":[1756,1762],"product_tag":[2244],"acf":[],"_links":{"self":[{"href":"https:\/\/streetmarkets.fr\/app\/wp-json\/wp\/v2\/product\/2694669"}],"collection":[{"href":"https:\/\/streetmarkets.fr\/app\/wp-json\/wp\/v2\/product"}],"about":[{"href":"https:\/\/streetmarkets.fr\/app\/wp-json\/wp\/v2\/types\/product"}],"replies":[{"embeddable":true,"href":"https:\/\/streetmarkets.fr\/app\/wp-json\/wp\/v2\/comments?post=2694669"}],"wp:featuredmedia":[{"embeddable":true,"href":"https:\/\/streetmarkets.fr\/app\/wp-json\/wp\/v2\/media\/2694670"}],"wp:attachment":[{"href":"https:\/\/streetmarkets.fr\/app\/wp-json\/wp\/v2\/media?parent=2694669"}],"wp:term":[{"taxonomy":"product_brand","embeddable":true,"href":"https:\/\/streetmarkets.fr\/app\/wp-json\/wp\/v2\/product_brand?post=2694669"},{"taxonomy":"product_cat","embeddable":true,"href":"https:\/\/streetmarkets.fr\/app\/wp-json\/wp\/v2\/product_cat?post=2694669"},{"taxonomy":"product_tag","embeddable":true,"href":"https:\/\/streetmarkets.fr\/app\/wp-json\/wp\/v2\/product_tag?post=2694669"}],"curies":[{"name":"wp","href":"https:\/\/api.w.org\/{rel}","templated":true}]}}