{"id":2694330,"date":"2025-09-21T08:42:06","date_gmt":"2025-09-21T06:42:06","guid":{"rendered":"https:\/\/streetmarkets.fr\/app\/produit\/collier-magda-louise-hendricks\/"},"modified":"2026-05-08T08:38:46","modified_gmt":"2026-05-08T06:38:46","slug":"collier-magda-louise-hendricks","status":"publish","type":"product","link":"https:\/\/streetmarkets.fr\/app\/produit\/collier-magda-louise-hendricks\/","title":{"rendered":"Collier Magda &#8211; Louise Hendricks"},"content":{"rendered":"<p><span>Nouvelle collection !<\/span><\/p>\n<ul>\n<li>\n<span>Collier compos\u00e9<\/span><span> d&#8217;une chaine fine avec moderne avec talisman avec oeil porte bonheur avec zircon blanc en son centre. <\/span>\n<\/li>\n<li>\n<span>franges dor\u00e9es sur le bas qui conf\u00e8re finesse et modernit\u00e9\u00a0<\/span><\/p>\n<\/li>\n<\/ul>\n<p>Retrouvez sur notre eshop une s\u00e9lection des plus belles cr\u00e9ations bijoux de la nouvelle collection <a href=\"https:\/\/www.joee.fr\/concept-store-louise-hendricks-pari\" target=\"_blank\" rel=\"noopener\">Louise Hendricks.<\/a><\/p>\n","protected":false},"excerpt":{"rendered":"<p>Nouvelle collection ! Collier compos\u00e9 d&#8217;une chaine fine avec moderne avec talisman avec oeil porte bonheur avec zircon blanc en son centre. franges dor\u00e9es sur le bas qui conf\u00e8re finesse et modernit\u00e9\u00a0 Retrouvez sur notre eshop une s\u00e9lection des plus belles cr\u00e9ations bijoux de la nouvelle collection Louise Hendricks.<\/p>\n","protected":false},"featured_media":2694331,"comment_status":"open","ping_status":"closed","template":"","meta":[],"product_brand":[],"product_cat":[1807,1756],"product_tag":[2244],"acf":[],"_links":{"self":[{"href":"https:\/\/streetmarkets.fr\/app\/wp-json\/wp\/v2\/product\/2694330"}],"collection":[{"href":"https:\/\/streetmarkets.fr\/app\/wp-json\/wp\/v2\/product"}],"about":[{"href":"https:\/\/streetmarkets.fr\/app\/wp-json\/wp\/v2\/types\/product"}],"replies":[{"embeddable":true,"href":"https:\/\/streetmarkets.fr\/app\/wp-json\/wp\/v2\/comments?post=2694330"}],"wp:featuredmedia":[{"embeddable":true,"href":"https:\/\/streetmarkets.fr\/app\/wp-json\/wp\/v2\/media\/2694331"}],"wp:attachment":[{"href":"https:\/\/streetmarkets.fr\/app\/wp-json\/wp\/v2\/media?parent=2694330"}],"wp:term":[{"taxonomy":"product_brand","embeddable":true,"href":"https:\/\/streetmarkets.fr\/app\/wp-json\/wp\/v2\/product_brand?post=2694330"},{"taxonomy":"product_cat","embeddable":true,"href":"https:\/\/streetmarkets.fr\/app\/wp-json\/wp\/v2\/product_cat?post=2694330"},{"taxonomy":"product_tag","embeddable":true,"href":"https:\/\/streetmarkets.fr\/app\/wp-json\/wp\/v2\/product_tag?post=2694330"}],"curies":[{"name":"wp","href":"https:\/\/api.w.org\/{rel}","templated":true}]}}