{"id":2694321,"date":"2025-09-21T08:40:31","date_gmt":"2025-09-21T06:40:31","guid":{"rendered":"https:\/\/streetmarkets.fr\/app\/produit\/collier-love-dore-hanka-in\/"},"modified":"2026-05-08T08:38:30","modified_gmt":"2026-05-08T06:38:30","slug":"collier-love-dore-hanka-in","status":"publish","type":"product","link":"https:\/\/streetmarkets.fr\/app\/produit\/collier-love-dore-hanka-in\/","title":{"rendered":"Collier Love dor\u00e9 &#8211; Hanka In"},"content":{"rendered":"<p>Collier compos\u00e9 d&#8217;une cha\u00eene dor\u00e9e avec en son centre un coeur avec zircon blanc.\u00a0<\/p>\n<p><strong>Cr\u00e9atrice fran\u00e7aise Hanka In<\/strong>, les mod\u00e8les sont dessin\u00e9s et fabriqu\u00e9s en France.<\/p>\n","protected":false},"excerpt":{"rendered":"<p>Collier compos\u00e9 d&#8217;une cha\u00eene dor\u00e9e avec en son centre un coeur avec zircon blanc.\u00a0 Cr\u00e9atrice fran\u00e7aise Hanka In, les mod\u00e8les sont dessin\u00e9s et fabriqu\u00e9s en France.<\/p>\n","protected":false},"featured_media":2694322,"comment_status":"open","ping_status":"closed","template":"","meta":[],"product_brand":[],"product_cat":[1807,1756],"product_tag":[2244],"acf":[],"_links":{"self":[{"href":"https:\/\/streetmarkets.fr\/app\/wp-json\/wp\/v2\/product\/2694321"}],"collection":[{"href":"https:\/\/streetmarkets.fr\/app\/wp-json\/wp\/v2\/product"}],"about":[{"href":"https:\/\/streetmarkets.fr\/app\/wp-json\/wp\/v2\/types\/product"}],"replies":[{"embeddable":true,"href":"https:\/\/streetmarkets.fr\/app\/wp-json\/wp\/v2\/comments?post=2694321"}],"wp:featuredmedia":[{"embeddable":true,"href":"https:\/\/streetmarkets.fr\/app\/wp-json\/wp\/v2\/media\/2694322"}],"wp:attachment":[{"href":"https:\/\/streetmarkets.fr\/app\/wp-json\/wp\/v2\/media?parent=2694321"}],"wp:term":[{"taxonomy":"product_brand","embeddable":true,"href":"https:\/\/streetmarkets.fr\/app\/wp-json\/wp\/v2\/product_brand?post=2694321"},{"taxonomy":"product_cat","embeddable":true,"href":"https:\/\/streetmarkets.fr\/app\/wp-json\/wp\/v2\/product_cat?post=2694321"},{"taxonomy":"product_tag","embeddable":true,"href":"https:\/\/streetmarkets.fr\/app\/wp-json\/wp\/v2\/product_tag?post=2694321"}],"curies":[{"name":"wp","href":"https:\/\/api.w.org\/{rel}","templated":true}]}}