{"id":2687563,"date":"2025-09-21T01:51:32","date_gmt":"2025-09-20T23:51:32","guid":{"rendered":"https:\/\/streetmarkets.fr\/app\/produit\/grand-foulard-constantine-lilas\/"},"modified":"2026-04-18T01:51:30","modified_gmt":"2026-04-17T23:51:30","slug":"grand-foulard-constantine-lilas","status":"publish","type":"product","link":"https:\/\/streetmarkets.fr\/app\/produit\/grand-foulard-constantine-lilas\/","title":{"rendered":"Grand foulard CONSTANTINE Lilas"},"content":{"rendered":"<p>Foulard en voile de coton imprim\u00e9 \u00e0 la main en Inde.<\/p>\n<p>100 cm x 100 cm<\/p>\n<ul dir=\"ltr\" class=\"aXkhmS\" data-hook=\"columns-info-section\">\n<li data-hook=\"columns-info-item\" class=\"CsrIwl TWHuR7 JSlVyv\">\n<p data-hook=\"info-section-title\" aria-hidden=\"false\" class=\"sGvF_F7 o__5TTigO---typography-11-runningText o__5TTigO---priority-7-primary _HOcyB JUtQCP sxbtulv\">Composition et entretien<\/p>\n<div class=\"zp8uy2\" data-hook=\"info-section-description\">\n<p><strong>Composition<\/strong><\/p>\n<ul>\n<li>\n<p>100% twill de coton indien<\/p>\n<\/li>\n<li>\n<p>Pigments naturels d\u2019origine v\u00e9g\u00e9tale<\/p>\n<\/li>\n<\/ul>\n<p>\u00a0<\/p>\n<p>\ud83c\udf3f Les pigments v\u00e9g\u00e9taux peuvent \u00eatre obtenus \u00e0 partir des feuilles, des \u00e9corces, des fruits ou m\u00eame de la racine des plantes tinctoriales.<\/p>\n<p>\u00a0<\/p>\n<p><strong>Caract\u00e9ristique de la\u00a0teinture naturelle<\/strong><\/p>\n<ul>\n<li>S&#8217;estompe et \u00e9volue avec le temps<\/li>\n<li>Le tissu a \u00e9galement tendance \u00e0 d\u00e9teindre<\/li>\n<li>Veuillez prendre les pr\u00e9cautions n\u00e9cessaires lors du lavage<\/li>\n<\/ul>\n<p>\u00a0<\/p>\n<p><strong>Conseils d\u2019entretien<\/strong><\/p>\n<ul>\n<li>\n<p>1\u00e8re utilisation : laver s\u00e9par\u00e9ment votre foulard et utiliser une lingette anti-d\u00e9coloration<\/p>\n<\/li>\n<li>\n<p>Privil\u00e9gier\u00a0un lavage \u00e0 la main (sans trempage) ou en machine \u00e0 30\u00b0c ou \u00e0 froid (programme d\u00e9licat)<\/p>\n<\/li>\n<li>\n<p>Utiliser une lessive pour linge d\u00e9licat ou du savon de marseille<\/p>\n<\/li>\n<li>\n<p>Pas de s\u00e9chage en machine\u00a0 \u00a0 \u00a0 \u00a0 \u00a0 \u00a0 \u00a0 \u00a0 \u00a0 \u00a0 \u00a0 \u00a0 \u00a0 \u00a0 \u00a0 \u00a0 \u00a0 \u00a0 \u00a0 \u00a0 \u00a0 \u00a0 \u00a0 \u00a0 \u00a0 \u00a0 \u00a0 \u00a0 \u00a0 \u00a0 \u00a0<\/p>\n<\/li>\n<\/ul>\n<div class=\"zp8uy2\" data-hook=\"info-section-description\">\n<p class=\"sGvF_F7 o__5TTigO---typography-11-runningText o__5TTigO---priority-7-primary _HOcyB JUtQCP sxbtulv\" aria-hidden=\"false\" data-hook=\"info-section-title\">Fabrication<\/p>\n<div data-hook=\"info-section-description\" class=\"zp8uy2\">\n<p>Foulard imprim\u00e9 artisanalement dans un atelier\u00a0du nord de l&#8217;Inde, au Rajasthan.<\/p>\n<p>L&#8217;impression se fait selon le savoir-faire traditionnel de l\u2019impression au block-print, ces tampons de bois taill\u00e9s et sculpt\u00e9s \u00e0 la main, tremp\u00e9s dans des encres d\u2019origine v\u00e9g\u00e9tale et appos\u00e9s manuellement sur le tissu, en plusieurs couches, avec une ma\u00eetrise \u00e9poustouflante.<\/p>\n<p>Des irr\u00e9gularit\u00e9s d\u2019impression et des nuances de couleurs sont visibles et refl\u00e8tent la beaut\u00e9 de ce travail artisanal traditionnel. Chaque pi\u00e8ce est donc unique !<\/p>\n<\/div>\n<\/div>\n<\/div>\n<\/li>\n<\/ul>\n","protected":false},"excerpt":{"rendered":"<p>Foulard en voile de coton imprim\u00e9 \u00e0 la main en Inde. 100 cm x 100 cm Composition et entretien Composition 100% twill de coton indien Pigments naturels d\u2019origine v\u00e9g\u00e9tale \u00a0 \ud83c\udf3f Les pigments v\u00e9g\u00e9taux peuvent \u00eatre obtenus \u00e0 partir des feuilles, des \u00e9corces, des fruits ou m\u00eame de la racine des plantes tinctoriales. \u00a0 Caract\u00e9ristique [&hellip;]<\/p>\n","protected":false},"featured_media":2687564,"comment_status":"open","ping_status":"closed","template":"","meta":[],"product_brand":[],"product_cat":[1756,1764],"product_tag":[2122],"acf":[],"_links":{"self":[{"href":"https:\/\/streetmarkets.fr\/app\/wp-json\/wp\/v2\/product\/2687563"}],"collection":[{"href":"https:\/\/streetmarkets.fr\/app\/wp-json\/wp\/v2\/product"}],"about":[{"href":"https:\/\/streetmarkets.fr\/app\/wp-json\/wp\/v2\/types\/product"}],"replies":[{"embeddable":true,"href":"https:\/\/streetmarkets.fr\/app\/wp-json\/wp\/v2\/comments?post=2687563"}],"wp:featuredmedia":[{"embeddable":true,"href":"https:\/\/streetmarkets.fr\/app\/wp-json\/wp\/v2\/media\/2687564"}],"wp:attachment":[{"href":"https:\/\/streetmarkets.fr\/app\/wp-json\/wp\/v2\/media?parent=2687563"}],"wp:term":[{"taxonomy":"product_brand","embeddable":true,"href":"https:\/\/streetmarkets.fr\/app\/wp-json\/wp\/v2\/product_brand?post=2687563"},{"taxonomy":"product_cat","embeddable":true,"href":"https:\/\/streetmarkets.fr\/app\/wp-json\/wp\/v2\/product_cat?post=2687563"},{"taxonomy":"product_tag","embeddable":true,"href":"https:\/\/streetmarkets.fr\/app\/wp-json\/wp\/v2\/product_tag?post=2687563"}],"curies":[{"name":"wp","href":"https:\/\/api.w.org\/{rel}","templated":true}]}}