{"id":2681966,"date":"2025-09-20T02:14:34","date_gmt":"2025-09-20T00:14:34","guid":{"rendered":"https:\/\/streetmarkets.fr\/app\/produit\/nouveau-masscob-blouse-lubna-azure-precommande\/"},"modified":"2026-03-18T01:05:23","modified_gmt":"2026-03-18T00:05:23","slug":"nouveau-masscob-blouse-lubna-azure-precommande","status":"publish","type":"product","link":"https:\/\/streetmarkets.fr\/app\/produit\/nouveau-masscob-blouse-lubna-azure-precommande\/","title":{"rendered":"MASSCOB Blouse Lubna Azure -30%"},"content":{"rendered":"<p data-rte-preserve-empty=\"true\">Blouse boutonn\u00e9e \u00e0 fines rayures, coupe ample, manches longues et poignets resserr\u00e9s, emmanchure large, volant sur la patte de boutonnage et le col. <\/p>\n<p data-rte-preserve-empty=\"true\">D\u00e9tail : 84% viscose, 16% soie <\/p>\n","protected":false},"excerpt":{"rendered":"<p>Blouse boutonn\u00e9e \u00e0 fines rayures, coupe ample, manches longues et poignets resserr\u00e9s, emmanchure large, volant sur la patte de boutonnage et le col. D\u00e9tail : 84% viscose, 16% soie<\/p>\n","protected":false},"featured_media":2681967,"comment_status":"open","ping_status":"closed","template":"","meta":[],"product_brand":[],"product_cat":[1756,1762],"product_tag":[2244],"acf":[],"_links":{"self":[{"href":"https:\/\/streetmarkets.fr\/app\/wp-json\/wp\/v2\/product\/2681966"}],"collection":[{"href":"https:\/\/streetmarkets.fr\/app\/wp-json\/wp\/v2\/product"}],"about":[{"href":"https:\/\/streetmarkets.fr\/app\/wp-json\/wp\/v2\/types\/product"}],"replies":[{"embeddable":true,"href":"https:\/\/streetmarkets.fr\/app\/wp-json\/wp\/v2\/comments?post=2681966"}],"wp:featuredmedia":[{"embeddable":true,"href":"https:\/\/streetmarkets.fr\/app\/wp-json\/wp\/v2\/media\/2681967"}],"wp:attachment":[{"href":"https:\/\/streetmarkets.fr\/app\/wp-json\/wp\/v2\/media?parent=2681966"}],"wp:term":[{"taxonomy":"product_brand","embeddable":true,"href":"https:\/\/streetmarkets.fr\/app\/wp-json\/wp\/v2\/product_brand?post=2681966"},{"taxonomy":"product_cat","embeddable":true,"href":"https:\/\/streetmarkets.fr\/app\/wp-json\/wp\/v2\/product_cat?post=2681966"},{"taxonomy":"product_tag","embeddable":true,"href":"https:\/\/streetmarkets.fr\/app\/wp-json\/wp\/v2\/product_tag?post=2681966"}],"curies":[{"name":"wp","href":"https:\/\/api.w.org\/{rel}","templated":true}]}}