{"id":2681956,"date":"2025-09-20T02:14:32","date_gmt":"2025-09-20T00:14:32","guid":{"rendered":"https:\/\/streetmarkets.fr\/app\/produit\/nouveau-masscob-gilet-noella-alpaca\/"},"modified":"2026-03-18T01:05:22","modified_gmt":"2026-03-18T00:05:22","slug":"nouveau-masscob-gilet-noella-alpaca","status":"publish","type":"product","link":"https:\/\/streetmarkets.fr\/app\/produit\/nouveau-masscob-gilet-noella-alpaca\/","title":{"rendered":"MASSCOB Gilet Noella Alpaca"},"content":{"rendered":"<p data-rte-preserve-empty=\"true\">Gilet boutonn\u00e9 coupe ample, encolure arrondie, manches longues et poignets resserr\u00e9s, emmanchure large, tout doux et chaud. \u00c9galement disponible dans la couleur Mora.<\/p>\n<p data-rte-preserve-empty=\"true\">D\u00e9tail : 74% laine suri alpaga, 22% laine merino, 4% polyamide recycl\u00e9<\/p>\n","protected":false},"excerpt":{"rendered":"<p>Gilet boutonn\u00e9 coupe ample, encolure arrondie, manches longues et poignets resserr\u00e9s, emmanchure large, tout doux et chaud. \u00c9galement disponible dans la couleur Mora. D\u00e9tail : 74% laine suri alpaga, 22% laine merino, 4% polyamide recycl\u00e9<\/p>\n","protected":false},"featured_media":2681957,"comment_status":"open","ping_status":"closed","template":"","meta":[],"product_brand":[],"product_cat":[1756,1762],"product_tag":[2244],"acf":[],"_links":{"self":[{"href":"https:\/\/streetmarkets.fr\/app\/wp-json\/wp\/v2\/product\/2681956"}],"collection":[{"href":"https:\/\/streetmarkets.fr\/app\/wp-json\/wp\/v2\/product"}],"about":[{"href":"https:\/\/streetmarkets.fr\/app\/wp-json\/wp\/v2\/types\/product"}],"replies":[{"embeddable":true,"href":"https:\/\/streetmarkets.fr\/app\/wp-json\/wp\/v2\/comments?post=2681956"}],"wp:featuredmedia":[{"embeddable":true,"href":"https:\/\/streetmarkets.fr\/app\/wp-json\/wp\/v2\/media\/2681957"}],"wp:attachment":[{"href":"https:\/\/streetmarkets.fr\/app\/wp-json\/wp\/v2\/media?parent=2681956"}],"wp:term":[{"taxonomy":"product_brand","embeddable":true,"href":"https:\/\/streetmarkets.fr\/app\/wp-json\/wp\/v2\/product_brand?post=2681956"},{"taxonomy":"product_cat","embeddable":true,"href":"https:\/\/streetmarkets.fr\/app\/wp-json\/wp\/v2\/product_cat?post=2681956"},{"taxonomy":"product_tag","embeddable":true,"href":"https:\/\/streetmarkets.fr\/app\/wp-json\/wp\/v2\/product_tag?post=2681956"}],"curies":[{"name":"wp","href":"https:\/\/api.w.org\/{rel}","templated":true}]}}