{"id":2681937,"date":"2025-09-20T02:09:57","date_gmt":"2025-09-20T00:09:57","guid":{"rendered":"https:\/\/streetmarkets.fr\/app\/produit\/nouveau-laurence-bras-foulard-louise-black-2\/"},"modified":"2025-09-20T02:09:57","modified_gmt":"2025-09-20T00:09:57","slug":"nouveau-laurence-bras-foulard-louise-black-2","status":"publish","type":"product","link":"https:\/\/streetmarkets.fr\/app\/produit\/nouveau-laurence-bras-foulard-louise-black-2\/","title":{"rendered":"Nouveau ! LAURENCE BRAS Foulard Louise Black"},"content":{"rendered":"<p class=\"\" data-rte-preserve-empty=\"true\">Grand foulard en laine \u00e0 motifs points blancs, tout doux et chaud. \u00c9galement disponible dans la couleur Burgundy, ses dimensions :  environ 115 \u00d7 115cm <\/p>\n<p class=\"\" data-rte-preserve-empty=\"true\">D\u00e9tail : 100% laine<\/p>\n","protected":false},"excerpt":{"rendered":"<p>Grand foulard en laine \u00e0 motifs points blancs, tout doux et chaud. \u00c9galement disponible dans la couleur Burgundy, ses dimensions : environ 115 \u00d7 115cm D\u00e9tail : 100% laine<\/p>\n","protected":false},"featured_media":2681938,"comment_status":"open","ping_status":"closed","template":"","meta":[],"product_brand":[],"product_cat":[1756,1764],"product_tag":[2244],"acf":[],"_links":{"self":[{"href":"https:\/\/streetmarkets.fr\/app\/wp-json\/wp\/v2\/product\/2681937"}],"collection":[{"href":"https:\/\/streetmarkets.fr\/app\/wp-json\/wp\/v2\/product"}],"about":[{"href":"https:\/\/streetmarkets.fr\/app\/wp-json\/wp\/v2\/types\/product"}],"replies":[{"embeddable":true,"href":"https:\/\/streetmarkets.fr\/app\/wp-json\/wp\/v2\/comments?post=2681937"}],"wp:featuredmedia":[{"embeddable":true,"href":"https:\/\/streetmarkets.fr\/app\/wp-json\/wp\/v2\/media\/2681938"}],"wp:attachment":[{"href":"https:\/\/streetmarkets.fr\/app\/wp-json\/wp\/v2\/media?parent=2681937"}],"wp:term":[{"taxonomy":"product_brand","embeddable":true,"href":"https:\/\/streetmarkets.fr\/app\/wp-json\/wp\/v2\/product_brand?post=2681937"},{"taxonomy":"product_cat","embeddable":true,"href":"https:\/\/streetmarkets.fr\/app\/wp-json\/wp\/v2\/product_cat?post=2681937"},{"taxonomy":"product_tag","embeddable":true,"href":"https:\/\/streetmarkets.fr\/app\/wp-json\/wp\/v2\/product_tag?post=2681937"}],"curies":[{"name":"wp","href":"https:\/\/api.w.org\/{rel}","templated":true}]}}