{"id":2681380,"date":"2025-09-20T00:58:52","date_gmt":"2025-09-19T22:58:52","guid":{"rendered":"https:\/\/streetmarkets.fr\/app\/produit\/frangia-doree\/"},"modified":"2026-04-13T00:56:02","modified_gmt":"2026-04-12T22:56:02","slug":"frangia-doree","status":"publish","type":"product","link":"https:\/\/streetmarkets.fr\/app\/produit\/frangia-doree\/","title":{"rendered":"Frangia dor\u00e9e"},"content":{"rendered":"<h3 data-start=\"164\" data-end=\"189\"><\/h3>\n<p data-start=\"196\" data-end=\"213\">DESCRIPTION<\/p>\n<p data-start=\"214\" data-end=\"470\">La chaussette <strong data-start=\"228\" data-end=\"245\">Frangia Dor\u00e9e<\/strong> illumine vos tenues avec ses d\u00e9tails \u00e9l\u00e9gants et sa transparence d\u00e9licate. Ses reflets dor\u00e9s, subtils et raffin\u00e9s, apportent une touche de lumi\u00e8re et de sophistication \u00e0 vos looks, du quotidien comme des grandes occasions.<\/p>\n<p data-start=\"477\" data-end=\"490\">D\u00c9TAILS<\/p>\n<ul>\n<li data-start=\"493\" data-end=\"536\">Couleur : Dor\u00e9 avec transparence \u00e9l\u00e9gante<\/li>\n<li data-start=\"539\" data-end=\"572\">Hauteur de tige : environ 16 cm<\/li>\n<li data-start=\"575\" data-end=\"679\">Tailles disponibles : 36\/38 et 39\/41 (taillent petit \u2014 si vous chaussez un 38,5, privil\u00e9giez le 39\/41)<\/li>\n<li data-start=\"682\" data-end=\"739\">Pointe et talon renforc\u00e9s pour une meilleure r\u00e9sistance<\/li>\n<\/ul>\n<p>COMPOSITION &amp; ENTRETIEN<\/p>\n<ul>\n<li data-start=\"778\" data-end=\"793\">55% Polyamide<\/li>\n<li data-start=\"796\" data-end=\"807\">45% Coton<\/li>\n<li data-start=\"796\" data-end=\"807\">Lavage \u00e0 30 \u00b0C dans un filet ou \u00e0 la main<\/li>\n<li>\u00c9viter le s\u00e8che-linge pour pr\u00e9server la qualit\u00e9 et la transparence<\/li>\n<\/ul>\n<p>LE CONSEIL D\u2019ASTRID<\/p>\n<p data-start=\"957\" data-end=\"1167\">Id\u00e9ale pour rehausser un look sobre, elle se marie parfaitement avec un jean brut, un pantalon noir ou une jupe fluide. Ses touches dor\u00e9es apporteront \u00e9clat et \u00e9l\u00e9gance, m\u00eame aux tenues les plus minimalistes.<\/p>\n<p data-start=\"1174\" data-end=\"1189\">LA MARQUE<\/p>\n<p><span>-Les chaussettes transparentes de Violette &#8211;<\/span><\/p>\n<p><span>Atelier Saint-Eustache est la marque lyonnaise qui fabrique des chaussettes transparentes aux graphismes inspir\u00e9s des voyages de la fondatrice Violette dans les quartiers de Tokyo, Londres ou New York, mais \u00e9galement en France.<\/span><\/p>\n<p data-start=\"1285\" data-end=\"1468\">\u00a0<\/p>\n","protected":false},"excerpt":{"rendered":"<p>DESCRIPTION La chaussette Frangia Dor\u00e9e illumine vos tenues avec ses d\u00e9tails \u00e9l\u00e9gants et sa transparence d\u00e9licate. Ses reflets dor\u00e9s, subtils et raffin\u00e9s, apportent une touche de lumi\u00e8re et de sophistication \u00e0 vos looks, du quotidien comme des grandes occasions. D\u00c9TAILS Couleur : Dor\u00e9 avec transparence \u00e9l\u00e9gante Hauteur de tige : environ 16 cm Tailles disponibles [&hellip;]<\/p>\n","protected":false},"featured_media":2681381,"comment_status":"open","ping_status":"closed","template":"","meta":[],"product_brand":[],"product_cat":[1756,1763],"product_tag":[1813],"acf":[],"_links":{"self":[{"href":"https:\/\/streetmarkets.fr\/app\/wp-json\/wp\/v2\/product\/2681380"}],"collection":[{"href":"https:\/\/streetmarkets.fr\/app\/wp-json\/wp\/v2\/product"}],"about":[{"href":"https:\/\/streetmarkets.fr\/app\/wp-json\/wp\/v2\/types\/product"}],"replies":[{"embeddable":true,"href":"https:\/\/streetmarkets.fr\/app\/wp-json\/wp\/v2\/comments?post=2681380"}],"wp:featuredmedia":[{"embeddable":true,"href":"https:\/\/streetmarkets.fr\/app\/wp-json\/wp\/v2\/media\/2681381"}],"wp:attachment":[{"href":"https:\/\/streetmarkets.fr\/app\/wp-json\/wp\/v2\/media?parent=2681380"}],"wp:term":[{"taxonomy":"product_brand","embeddable":true,"href":"https:\/\/streetmarkets.fr\/app\/wp-json\/wp\/v2\/product_brand?post=2681380"},{"taxonomy":"product_cat","embeddable":true,"href":"https:\/\/streetmarkets.fr\/app\/wp-json\/wp\/v2\/product_cat?post=2681380"},{"taxonomy":"product_tag","embeddable":true,"href":"https:\/\/streetmarkets.fr\/app\/wp-json\/wp\/v2\/product_tag?post=2681380"}],"curies":[{"name":"wp","href":"https:\/\/api.w.org\/{rel}","templated":true}]}}