{"id":2681334,"date":"2025-09-19T08:42:02","date_gmt":"2025-09-19T06:42:02","guid":{"rendered":"https:\/\/streetmarkets.fr\/app\/produit\/collier-liv-louise-hendricks\/"},"modified":"2026-05-05T08:38:51","modified_gmt":"2026-05-05T06:38:51","slug":"collier-liv-louise-hendricks","status":"publish","type":"product","link":"https:\/\/streetmarkets.fr\/app\/produit\/collier-liv-louise-hendricks\/","title":{"rendered":"Collier Liv &#8211; Louise Hendricks"},"content":{"rendered":"<p><b>\u00a0<\/b>Collier\u00a0compos\u00e9 d&#8217;un pendentif goutte, au contour ouvrag\u00e9, r\u00e9hauss\u00e9 d&#8217;un coeur.\u00a0<span>Une chaine fine orn\u00e9e de perles vient\u00a0compl\u00e9ter ce bijou.\u00a0<\/span><\/p>\n<p>. Composition : laiton plaqu\u00e9 or 3 microns<\/p>\n<p><span>. Dimensions : Longueur chaine : 49 cm + cha\u00eene de rallonge : 5 cm<\/span><\/p>\n<p><span>Dimensions de la m\u00e9daille\u00a0coeur : hauteur 3,5 x\u00a0largeur 2,5 cm`<\/span><\/p>\n<p><span>Louise Hendricks est une <strong>cr\u00e9atrice fran\u00e7aise<\/strong>. <\/span><\/p>\n<p><span>Depuis une dizaine d&#8217;ann\u00e9es, elle cr\u00e9e des bijoux en repensant son univers\u00a0boh\u00eame chic\u00a0et en y apportant un brin de modernit\u00e9.<\/span><\/p>\n<p>Retrouvez sur notre eshop une s\u00e9lection des plus belles cr\u00e9ations bijoux de la nouvelle collection <a href=\"https:\/\/www.joee.fr\/concept-store-louise-hendricks-pari\" target=\"_blank\" rel=\"noopener\">Louise Hendricks.<\/a><\/p>\n","protected":false},"excerpt":{"rendered":"<p>\u00a0Collier\u00a0compos\u00e9 d&#8217;un pendentif goutte, au contour ouvrag\u00e9, r\u00e9hauss\u00e9 d&#8217;un coeur.\u00a0Une chaine fine orn\u00e9e de perles vient\u00a0compl\u00e9ter ce bijou.\u00a0 . Composition : laiton plaqu\u00e9 or 3 microns . Dimensions : Longueur chaine : 49 cm + cha\u00eene de rallonge : 5 cm Dimensions de la m\u00e9daille\u00a0coeur : hauteur 3,5 x\u00a0largeur 2,5 cm` Louise Hendricks est une [&hellip;]<\/p>\n","protected":false},"featured_media":2681335,"comment_status":"open","ping_status":"closed","template":"","meta":[],"product_brand":[],"product_cat":[1807,1756],"product_tag":[2244],"acf":[],"_links":{"self":[{"href":"https:\/\/streetmarkets.fr\/app\/wp-json\/wp\/v2\/product\/2681334"}],"collection":[{"href":"https:\/\/streetmarkets.fr\/app\/wp-json\/wp\/v2\/product"}],"about":[{"href":"https:\/\/streetmarkets.fr\/app\/wp-json\/wp\/v2\/types\/product"}],"replies":[{"embeddable":true,"href":"https:\/\/streetmarkets.fr\/app\/wp-json\/wp\/v2\/comments?post=2681334"}],"wp:featuredmedia":[{"embeddable":true,"href":"https:\/\/streetmarkets.fr\/app\/wp-json\/wp\/v2\/media\/2681335"}],"wp:attachment":[{"href":"https:\/\/streetmarkets.fr\/app\/wp-json\/wp\/v2\/media?parent=2681334"}],"wp:term":[{"taxonomy":"product_brand","embeddable":true,"href":"https:\/\/streetmarkets.fr\/app\/wp-json\/wp\/v2\/product_brand?post=2681334"},{"taxonomy":"product_cat","embeddable":true,"href":"https:\/\/streetmarkets.fr\/app\/wp-json\/wp\/v2\/product_cat?post=2681334"},{"taxonomy":"product_tag","embeddable":true,"href":"https:\/\/streetmarkets.fr\/app\/wp-json\/wp\/v2\/product_tag?post=2681334"}],"curies":[{"name":"wp","href":"https:\/\/api.w.org\/{rel}","templated":true}]}}