{"id":2681325,"date":"2025-09-19T08:42:01","date_gmt":"2025-09-19T06:42:01","guid":{"rendered":"https:\/\/streetmarkets.fr\/app\/produit\/baskets-cloud-beige-suede-castagno-back-70\/"},"modified":"2026-05-10T08:38:38","modified_gmt":"2026-05-10T06:38:38","slug":"baskets-cloud-beige-suede-castagno-back-70","status":"publish","type":"product","link":"https:\/\/streetmarkets.fr\/app\/produit\/baskets-cloud-beige-suede-castagno-back-70\/","title":{"rendered":"Baskets cloud beige suede castagno &#8211; Back 70"},"content":{"rendered":"<p>Nouvelle collection Back 70 de sneakers !<\/p>\n<p>Int\u00e9rieur en textile et synth\u00e9tique &amp; Ext\u00e9rieur en daim<\/p>\n<p>Le 70 est en moumoute et la semelle en gomme.<\/p>\n<p>Un look r\u00e9tro-chic affirm\u00e9, revisit\u00e9 avec une touche urbaine.<\/p>\n<p>Silhouette fusel\u00e9e et leur semelle ultra l\u00e9g\u00e8re en EVA en font des baskets aussi styl\u00e9es que confortables.<\/p>\n<p>Conseil taille : Taille normalement<\/p>\n<p>Avec leur style vintage, les baskets Back 70 vous transportent dans le temps tout en int\u00e9grant harmonieusement les standards modernes.\u00a0Chaque paire incarne l&#8217;esth\u00e9tique riche et nostalgique du pass\u00e9, cr\u00e9ant un look intemporel et unique. La qualit\u00e9 et le souci du d\u00e9tail sont les ma\u00eetres mots du design Back 70. Explorez l&#8217;\u00e8re de l&#8217;expression personnelle sans limites avec Back 70.\u00a0<\/p>\n","protected":false},"excerpt":{"rendered":"<p>Nouvelle collection Back 70 de sneakers ! Int\u00e9rieur en textile et synth\u00e9tique &amp; Ext\u00e9rieur en daim Le 70 est en moumoute et la semelle en gomme. Un look r\u00e9tro-chic affirm\u00e9, revisit\u00e9 avec une touche urbaine. Silhouette fusel\u00e9e et leur semelle ultra l\u00e9g\u00e8re en EVA en font des baskets aussi styl\u00e9es que confortables. Conseil taille : [&hellip;]<\/p>\n","protected":false},"featured_media":2681326,"comment_status":"open","ping_status":"closed","template":"","meta":[],"product_brand":[],"product_cat":[1756,1763],"product_tag":[2244],"acf":[],"_links":{"self":[{"href":"https:\/\/streetmarkets.fr\/app\/wp-json\/wp\/v2\/product\/2681325"}],"collection":[{"href":"https:\/\/streetmarkets.fr\/app\/wp-json\/wp\/v2\/product"}],"about":[{"href":"https:\/\/streetmarkets.fr\/app\/wp-json\/wp\/v2\/types\/product"}],"replies":[{"embeddable":true,"href":"https:\/\/streetmarkets.fr\/app\/wp-json\/wp\/v2\/comments?post=2681325"}],"wp:featuredmedia":[{"embeddable":true,"href":"https:\/\/streetmarkets.fr\/app\/wp-json\/wp\/v2\/media\/2681326"}],"wp:attachment":[{"href":"https:\/\/streetmarkets.fr\/app\/wp-json\/wp\/v2\/media?parent=2681325"}],"wp:term":[{"taxonomy":"product_brand","embeddable":true,"href":"https:\/\/streetmarkets.fr\/app\/wp-json\/wp\/v2\/product_brand?post=2681325"},{"taxonomy":"product_cat","embeddable":true,"href":"https:\/\/streetmarkets.fr\/app\/wp-json\/wp\/v2\/product_cat?post=2681325"},{"taxonomy":"product_tag","embeddable":true,"href":"https:\/\/streetmarkets.fr\/app\/wp-json\/wp\/v2\/product_tag?post=2681325"}],"curies":[{"name":"wp","href":"https:\/\/api.w.org\/{rel}","templated":true}]}}