{"id":2681312,"date":"2025-09-19T08:41:59","date_gmt":"2025-09-19T06:41:59","guid":{"rendered":"https:\/\/streetmarkets.fr\/app\/produit\/baskets-cow-white-back-70\/"},"modified":"2026-05-12T08:38:59","modified_gmt":"2026-05-12T06:38:59","slug":"baskets-cow-white-back-70","status":"publish","type":"product","link":"https:\/\/streetmarkets.fr\/app\/produit\/baskets-cow-white-back-70\/","title":{"rendered":"Baskets cow white &#8211; Back 70"},"content":{"rendered":"<p>Nouvelle collection de sneakers Cloud de la marque Back 70 avec un imprim\u00e9 vache.<\/p>\n<p>70 et tige en cuir blanc<\/p>\n<p>Un look r\u00e9tro-chic affirm\u00e9, revisit\u00e9 avec une touche urbaine.<\/p>\n<p>Mix de mati\u00e8res cuir, su\u00e9d\u00e9es et nylon,<\/p>\n<p>Silhouette fusel\u00e9e et leur semelle ultra l\u00e9g\u00e8re en EVA en font des baskets aussi styl\u00e9es que confortables.<\/p>\n<p>Conseil taille : Taille normalement<\/p>\n<p>Avec leur style vintage, les baskets Back 70 vous transportent dans le temps tout en int\u00e9grant harmonieusement les standards modernes.\u00a0Chaque paire incarne l&#8217;esth\u00e9tique riche et nostalgique du pass\u00e9, cr\u00e9ant un look intemporel et unique. La qualit\u00e9 et le souci du d\u00e9tail sont les ma\u00eetres mots du design Back 70. Explorez l&#8217;\u00e8re de l&#8217;expression personnelle sans limites avec Back 70.\u00a0<\/p>\n","protected":false},"excerpt":{"rendered":"<p>Nouvelle collection de sneakers Cloud de la marque Back 70 avec un imprim\u00e9 vache. 70 et tige en cuir blanc Un look r\u00e9tro-chic affirm\u00e9, revisit\u00e9 avec une touche urbaine. Mix de mati\u00e8res cuir, su\u00e9d\u00e9es et nylon, Silhouette fusel\u00e9e et leur semelle ultra l\u00e9g\u00e8re en EVA en font des baskets aussi styl\u00e9es que confortables. Conseil taille [&hellip;]<\/p>\n","protected":false},"featured_media":2681313,"comment_status":"open","ping_status":"closed","template":"","meta":[],"product_brand":[],"product_cat":[1756,1763],"product_tag":[2244],"acf":[],"_links":{"self":[{"href":"https:\/\/streetmarkets.fr\/app\/wp-json\/wp\/v2\/product\/2681312"}],"collection":[{"href":"https:\/\/streetmarkets.fr\/app\/wp-json\/wp\/v2\/product"}],"about":[{"href":"https:\/\/streetmarkets.fr\/app\/wp-json\/wp\/v2\/types\/product"}],"replies":[{"embeddable":true,"href":"https:\/\/streetmarkets.fr\/app\/wp-json\/wp\/v2\/comments?post=2681312"}],"wp:featuredmedia":[{"embeddable":true,"href":"https:\/\/streetmarkets.fr\/app\/wp-json\/wp\/v2\/media\/2681313"}],"wp:attachment":[{"href":"https:\/\/streetmarkets.fr\/app\/wp-json\/wp\/v2\/media?parent=2681312"}],"wp:term":[{"taxonomy":"product_brand","embeddable":true,"href":"https:\/\/streetmarkets.fr\/app\/wp-json\/wp\/v2\/product_brand?post=2681312"},{"taxonomy":"product_cat","embeddable":true,"href":"https:\/\/streetmarkets.fr\/app\/wp-json\/wp\/v2\/product_cat?post=2681312"},{"taxonomy":"product_tag","embeddable":true,"href":"https:\/\/streetmarkets.fr\/app\/wp-json\/wp\/v2\/product_tag?post=2681312"}],"curies":[{"name":"wp","href":"https:\/\/api.w.org\/{rel}","templated":true}]}}