{"id":2681309,"date":"2025-09-19T08:41:59","date_gmt":"2025-09-19T06:41:59","guid":{"rendered":"https:\/\/streetmarkets.fr\/app\/produit\/sac-scone-black-silver-laurence-bras\/"},"modified":"2026-04-12T08:39:32","modified_gmt":"2026-04-12T06:39:32","slug":"sac-scone-black-silver-laurence-bras","status":"publish","type":"product","link":"https:\/\/streetmarkets.fr\/app\/produit\/sac-scone-black-silver-laurence-bras\/","title":{"rendered":"Sac Scone black &amp; silver &#8211; Laurence Bras"},"content":{"rendered":"<ul>\n<li>Sac \u00e0 main en toile 100% coton avec d\u00e9tails d&#8217;\u0153<span>illets argent\u00e9s<\/span>\n<\/li>\n<li>Petites anses<\/li>\n<\/ul>\n<p>\u00a0<\/p>\n","protected":false},"excerpt":{"rendered":"<p>Sac \u00e0 main en toile 100% coton avec d\u00e9tails d&#8217;\u0153illets argent\u00e9s Petites anses \u00a0<\/p>\n","protected":false},"featured_media":2681310,"comment_status":"open","ping_status":"closed","template":"","meta":[],"product_brand":[],"product_cat":[1756,1764],"product_tag":[2244],"acf":[],"_links":{"self":[{"href":"https:\/\/streetmarkets.fr\/app\/wp-json\/wp\/v2\/product\/2681309"}],"collection":[{"href":"https:\/\/streetmarkets.fr\/app\/wp-json\/wp\/v2\/product"}],"about":[{"href":"https:\/\/streetmarkets.fr\/app\/wp-json\/wp\/v2\/types\/product"}],"replies":[{"embeddable":true,"href":"https:\/\/streetmarkets.fr\/app\/wp-json\/wp\/v2\/comments?post=2681309"}],"wp:featuredmedia":[{"embeddable":true,"href":"https:\/\/streetmarkets.fr\/app\/wp-json\/wp\/v2\/media\/2681310"}],"wp:attachment":[{"href":"https:\/\/streetmarkets.fr\/app\/wp-json\/wp\/v2\/media?parent=2681309"}],"wp:term":[{"taxonomy":"product_brand","embeddable":true,"href":"https:\/\/streetmarkets.fr\/app\/wp-json\/wp\/v2\/product_brand?post=2681309"},{"taxonomy":"product_cat","embeddable":true,"href":"https:\/\/streetmarkets.fr\/app\/wp-json\/wp\/v2\/product_cat?post=2681309"},{"taxonomy":"product_tag","embeddable":true,"href":"https:\/\/streetmarkets.fr\/app\/wp-json\/wp\/v2\/product_tag?post=2681309"}],"curies":[{"name":"wp","href":"https:\/\/api.w.org\/{rel}","templated":true}]}}