{"id":2681301,"date":"2025-09-19T08:41:58","date_gmt":"2025-09-19T06:41:58","guid":{"rendered":"https:\/\/streetmarkets.fr\/app\/produit\/blouse-juuliva-khaki-laurence-bras\/"},"modified":"2026-05-12T08:38:59","modified_gmt":"2026-05-12T06:38:59","slug":"blouse-juuliva-khaki-laurence-bras","status":"publish","type":"product","link":"https:\/\/streetmarkets.fr\/app\/produit\/blouse-juuliva-khaki-laurence-bras\/","title":{"rendered":"Blouse Juuliva khaki &#8211; Laurence Bras"},"content":{"rendered":"<ul>\n<li data-end=\"74\" data-start=\"41\">\n<p data-end=\"74\" data-start=\"43\">Blouse en coton droite l\u00e9g\u00e8rement ample\u00a0<\/p>\n<\/li>\n<li data-end=\"117\" data-start=\"75\">\n<p data-end=\"117\" data-start=\"77\">Encolure fendue en V souple et d\u00e9gag\u00e9e<\/p>\n<\/li>\n<li data-end=\"117\" data-start=\"75\">\n<p data-end=\"117\" data-start=\"77\">Manches longues resserr\u00e9es par poignets boutonn\u00e9s<\/p>\n<\/li>\n<li data-end=\"158\" data-start=\"118\">\n<p data-end=\"158\" data-start=\"120\">\u00c9paules fronc\u00e9es<\/p>\n<\/li>\n<\/ul>\n","protected":false},"excerpt":{"rendered":"<p>Blouse en coton droite l\u00e9g\u00e8rement ample\u00a0 Encolure fendue en V souple et d\u00e9gag\u00e9e Manches longues resserr\u00e9es par poignets boutonn\u00e9s \u00c9paules fronc\u00e9es<\/p>\n","protected":false},"featured_media":2681302,"comment_status":"open","ping_status":"closed","template":"","meta":[],"product_brand":[],"product_cat":[1756,1762],"product_tag":[2244],"acf":[],"_links":{"self":[{"href":"https:\/\/streetmarkets.fr\/app\/wp-json\/wp\/v2\/product\/2681301"}],"collection":[{"href":"https:\/\/streetmarkets.fr\/app\/wp-json\/wp\/v2\/product"}],"about":[{"href":"https:\/\/streetmarkets.fr\/app\/wp-json\/wp\/v2\/types\/product"}],"replies":[{"embeddable":true,"href":"https:\/\/streetmarkets.fr\/app\/wp-json\/wp\/v2\/comments?post=2681301"}],"wp:featuredmedia":[{"embeddable":true,"href":"https:\/\/streetmarkets.fr\/app\/wp-json\/wp\/v2\/media\/2681302"}],"wp:attachment":[{"href":"https:\/\/streetmarkets.fr\/app\/wp-json\/wp\/v2\/media?parent=2681301"}],"wp:term":[{"taxonomy":"product_brand","embeddable":true,"href":"https:\/\/streetmarkets.fr\/app\/wp-json\/wp\/v2\/product_brand?post=2681301"},{"taxonomy":"product_cat","embeddable":true,"href":"https:\/\/streetmarkets.fr\/app\/wp-json\/wp\/v2\/product_cat?post=2681301"},{"taxonomy":"product_tag","embeddable":true,"href":"https:\/\/streetmarkets.fr\/app\/wp-json\/wp\/v2\/product_tag?post=2681301"}],"curies":[{"name":"wp","href":"https:\/\/api.w.org\/{rel}","templated":true}]}}