{"id":2681218,"date":"2025-09-19T05:22:36","date_gmt":"2025-09-19T03:22:36","guid":{"rendered":"https:\/\/streetmarkets.fr\/app\/produit\/coussin-marcel-brown\/"},"modified":"2026-04-11T05:21:57","modified_gmt":"2026-04-11T03:21:57","slug":"coussin-marcel-brown","status":"publish","type":"product","link":"https:\/\/streetmarkets.fr\/app\/produit\/coussin-marcel-brown\/","title":{"rendered":"Coussin Marcel Brown"},"content":{"rendered":"<p>Coussin en en coton imprim\u00e9 wax.<br \/>\nConfort ferme : le coussin est tonique et ne s&#8217;affaisse pas.<br \/>\nD\u00e9houssable (zip \u00e0 l&#8217;arri\u00e8re)<br \/>\nIl mesure 45cm x 45cm et 55cm x 55cm avec les fronces.<br \/>\nVendu avec une coussin de garnissage.<br \/>\nLe tout est lavable.<\/p>\n<p>45\u20ac<\/p>\n","protected":false},"excerpt":{"rendered":"<p>Coussin en en coton imprim\u00e9 wax. Confort ferme : le coussin est tonique et ne s&#8217;affaisse pas. D\u00e9houssable (zip \u00e0 l&#8217;arri\u00e8re) Il mesure 45cm x 45cm et 55cm x 55cm avec les fronces. Vendu avec une coussin de garnissage. Le tout est lavable. 45\u20ac<\/p>\n","protected":false},"featured_media":2681219,"comment_status":"open","ping_status":"closed","template":"","meta":[],"product_brand":[1310],"product_cat":[1756,1764],"product_tag":[1813],"acf":[],"_links":{"self":[{"href":"https:\/\/streetmarkets.fr\/app\/wp-json\/wp\/v2\/product\/2681218"}],"collection":[{"href":"https:\/\/streetmarkets.fr\/app\/wp-json\/wp\/v2\/product"}],"about":[{"href":"https:\/\/streetmarkets.fr\/app\/wp-json\/wp\/v2\/types\/product"}],"replies":[{"embeddable":true,"href":"https:\/\/streetmarkets.fr\/app\/wp-json\/wp\/v2\/comments?post=2681218"}],"wp:featuredmedia":[{"embeddable":true,"href":"https:\/\/streetmarkets.fr\/app\/wp-json\/wp\/v2\/media\/2681219"}],"wp:attachment":[{"href":"https:\/\/streetmarkets.fr\/app\/wp-json\/wp\/v2\/media?parent=2681218"}],"wp:term":[{"taxonomy":"product_brand","embeddable":true,"href":"https:\/\/streetmarkets.fr\/app\/wp-json\/wp\/v2\/product_brand?post=2681218"},{"taxonomy":"product_cat","embeddable":true,"href":"https:\/\/streetmarkets.fr\/app\/wp-json\/wp\/v2\/product_cat?post=2681218"},{"taxonomy":"product_tag","embeddable":true,"href":"https:\/\/streetmarkets.fr\/app\/wp-json\/wp\/v2\/product_tag?post=2681218"}],"curies":[{"name":"wp","href":"https:\/\/api.w.org\/{rel}","templated":true}]}}