{"id":2674561,"date":"2025-09-18T06:52:02","date_gmt":"2025-09-18T04:52:02","guid":{"rendered":"https:\/\/streetmarkets.fr\/app\/produit\/sune-reverse-inka-knit\/"},"modified":"2026-03-16T05:49:13","modified_gmt":"2026-03-16T04:49:13","slug":"sune-reverse-inka-knit","status":"publish","type":"product","link":"https:\/\/streetmarkets.fr\/app\/produit\/sune-reverse-inka-knit\/","title":{"rendered":"Sune Reverse Inka Knit"},"content":{"rendered":"<p data-end=\"853\" data-start=\"231\">Le <em data-end=\"258\" data-start=\"234\">Sune Reverse Inka Knit<\/em> de <strong>Anerkjendt<\/strong>, dans sa version\u00a0<strong data-end=\"290\" data-start=\"275\">Sky Captain,<\/strong> est une pi\u00e8ce qui marie chaleur, style et savoir-faire. Confectionn\u00e9 avec soin dans un m\u00e9lange haut de gamme compos\u00e9 de\u00a0<strong data-end=\"471\" data-start=\"411\">laine m\u00e9rinos, nylon recycl\u00e9 et acrylique<\/strong>, il offre douceur, isolation naturelle et une belle tenue.<\/p>\n<p data-end=\"853\" data-start=\"231\">Le motif \u201creverse Inka\u201d tiss\u00e9 s\u2019inspire des traditions andines, revisit\u00e9 dans une teinte bleu fonc\u00e9 \u00ab Sky Captain \u00bb qui \u00e9voque l\u2019hiver et le ciel nocturne. Coupe droite, manches longues, col classique \u2014 il se porte aussi bien sur une chemise que sous une veste, sur un jean brut <strong>pour une allure automnale affirm\u00e9e<\/strong>.<\/p>\n<p data-end=\"1305\" data-start=\"855\">La laine m\u00e9rinos apporte une <strong>respirabilit\u00e9<\/strong> qui \u00e9vite la surchauffe, le nylon recycl\u00e9 renforce la durabilit\u00e9, et l\u2019ensemble conserve une structure nette m\u00eame apr\u00e8s plusieurs lavages, \u00e0 condition de suivre les recommandations.<\/p>\n<p data-end=\"1305\" data-start=\"855\">Un pull qui allie <strong>style audacieux, confort<\/strong> et respect de l\u2019environnement, parfait pour enrichir votre vestiaire de pi\u00e8ces \u00e0 la fois visuelles et durables. Retrouvez-le chez Harold !<strong data-end=\"1329\" data-start=\"1312\"><\/strong><\/p>\n","protected":false},"excerpt":{"rendered":"<p>Le Sune Reverse Inka Knit de Anerkjendt, dans sa version\u00a0Sky Captain, est une pi\u00e8ce qui marie chaleur, style et savoir-faire. Confectionn\u00e9 avec soin dans un m\u00e9lange haut de gamme compos\u00e9 de\u00a0laine m\u00e9rinos, nylon recycl\u00e9 et acrylique, il offre douceur, isolation naturelle et une belle tenue. Le motif \u201creverse Inka\u201d tiss\u00e9 s\u2019inspire des traditions andines, revisit\u00e9 [&hellip;]<\/p>\n","protected":false},"featured_media":2674562,"comment_status":"open","ping_status":"closed","template":"","meta":[],"product_brand":[],"product_cat":[1756,1758],"product_tag":[2244],"acf":[],"_links":{"self":[{"href":"https:\/\/streetmarkets.fr\/app\/wp-json\/wp\/v2\/product\/2674561"}],"collection":[{"href":"https:\/\/streetmarkets.fr\/app\/wp-json\/wp\/v2\/product"}],"about":[{"href":"https:\/\/streetmarkets.fr\/app\/wp-json\/wp\/v2\/types\/product"}],"replies":[{"embeddable":true,"href":"https:\/\/streetmarkets.fr\/app\/wp-json\/wp\/v2\/comments?post=2674561"}],"wp:featuredmedia":[{"embeddable":true,"href":"https:\/\/streetmarkets.fr\/app\/wp-json\/wp\/v2\/media\/2674562"}],"wp:attachment":[{"href":"https:\/\/streetmarkets.fr\/app\/wp-json\/wp\/v2\/media?parent=2674561"}],"wp:term":[{"taxonomy":"product_brand","embeddable":true,"href":"https:\/\/streetmarkets.fr\/app\/wp-json\/wp\/v2\/product_brand?post=2674561"},{"taxonomy":"product_cat","embeddable":true,"href":"https:\/\/streetmarkets.fr\/app\/wp-json\/wp\/v2\/product_cat?post=2674561"},{"taxonomy":"product_tag","embeddable":true,"href":"https:\/\/streetmarkets.fr\/app\/wp-json\/wp\/v2\/product_tag?post=2674561"}],"curies":[{"name":"wp","href":"https:\/\/api.w.org\/{rel}","templated":true}]}}