{"id":2674496,"date":"2025-09-18T06:51:56","date_gmt":"2025-09-18T04:51:56","guid":{"rendered":"https:\/\/streetmarkets.fr\/app\/produit\/oscar-cord-mix\/"},"modified":"2026-03-16T05:49:12","modified_gmt":"2026-03-16T04:49:12","slug":"oscar-cord-mix","status":"publish","type":"product","link":"https:\/\/streetmarkets.fr\/app\/produit\/oscar-cord-mix\/","title":{"rendered":"Oscar Cord Mix"},"content":{"rendered":"<p data-start=\"237\" data-end=\"816\">L\u2019<em>Oscar Cord Mix<\/em>\u00a0d\u2019<strong>Anerkjendt<\/strong> bouscule les codes de l\u2019overshirt avec son m\u00e9lange de mati\u00e8res riche et son <strong>esth\u00e9tique urbaine assum\u00e9e<\/strong>. Dans un bleu profond \u201cSky Captain\u201d, cette pi\u00e8ce combine coton, laine et polyester pour offrir chaleur, texture et style.<\/p>\n<p data-start=\"237\" data-end=\"816\">Son tissu en cordonnet structur\u00e9 apporte <strong>une touche r\u00e9tro tout en restant r\u00e9solument moderne<\/strong>. La coupe droite permet une superposition facile : elle se porte aussi bien ouverte sur un t-shirt blanc pour un effet d\u00e9contract\u00e9 que boutonn\u00e9e par-dessus une maille fine pour un look plus imposant.<\/p>\n<p data-start=\"818\" data-end=\"1313\">Chaque d\u00e9tail est pens\u00e9 : les boutons, le poids ma\u00eetris\u00e9 pour un tomb\u00e9 fluide, et les finitions qui refl\u00e8tent le savoir-faire scandinave. On appr\u00e9cie particuli\u00e8rement sa polyvalence dans un vestiaire automne-hiver, o\u00f9 le bleu fonc\u00e9 s\u2019associe aussi bien \u00e0 des tons neutres comme le beige, le gris ou le noir qu\u2019\u00e0 des touches plus audacieuses.<\/p>\n<p data-start=\"818\" data-end=\"1313\">L\u2019overshirt devient un pont entre le casual et l\u2019\u00e9l\u00e9gant, un incontournable pour ceux qui cherchent une pi\u00e8ce forte \u00e0 la fois confortable et styl\u00e9e.<strong data-start=\"1320\" data-end=\"1337\"><\/strong><\/p>\n<ul data-start=\"1339\" data-end=\"1700\">\n<li data-start=\"1504\" data-end=\"1559\">\n<p data-start=\"1506\" data-end=\"1559\">Coupe droite, overshirt pens\u00e9 pour la superposition<\/p>\n<\/li>\n<li data-start=\"1560\" data-end=\"1638\">\n<p data-start=\"1562\" data-end=\"1638\">Finitions de qualit\u00e9 : boutons bien plac\u00e9s, structure du col, tomb\u00e9 fluide<\/p>\n<\/li>\n<\/ul>\n","protected":false},"excerpt":{"rendered":"<p>L\u2019Oscar Cord Mix\u00a0d\u2019Anerkjendt bouscule les codes de l\u2019overshirt avec son m\u00e9lange de mati\u00e8res riche et son esth\u00e9tique urbaine assum\u00e9e. Dans un bleu profond \u201cSky Captain\u201d, cette pi\u00e8ce combine coton, laine et polyester pour offrir chaleur, texture et style. Son tissu en cordonnet structur\u00e9 apporte une touche r\u00e9tro tout en restant r\u00e9solument moderne. La coupe droite [&hellip;]<\/p>\n","protected":false},"featured_media":2674497,"comment_status":"open","ping_status":"closed","template":"","meta":[],"product_brand":[],"product_cat":[1756,1758],"product_tag":[2244],"acf":[],"_links":{"self":[{"href":"https:\/\/streetmarkets.fr\/app\/wp-json\/wp\/v2\/product\/2674496"}],"collection":[{"href":"https:\/\/streetmarkets.fr\/app\/wp-json\/wp\/v2\/product"}],"about":[{"href":"https:\/\/streetmarkets.fr\/app\/wp-json\/wp\/v2\/types\/product"}],"replies":[{"embeddable":true,"href":"https:\/\/streetmarkets.fr\/app\/wp-json\/wp\/v2\/comments?post=2674496"}],"wp:featuredmedia":[{"embeddable":true,"href":"https:\/\/streetmarkets.fr\/app\/wp-json\/wp\/v2\/media\/2674497"}],"wp:attachment":[{"href":"https:\/\/streetmarkets.fr\/app\/wp-json\/wp\/v2\/media?parent=2674496"}],"wp:term":[{"taxonomy":"product_brand","embeddable":true,"href":"https:\/\/streetmarkets.fr\/app\/wp-json\/wp\/v2\/product_brand?post=2674496"},{"taxonomy":"product_cat","embeddable":true,"href":"https:\/\/streetmarkets.fr\/app\/wp-json\/wp\/v2\/product_cat?post=2674496"},{"taxonomy":"product_tag","embeddable":true,"href":"https:\/\/streetmarkets.fr\/app\/wp-json\/wp\/v2\/product_tag?post=2674496"}],"curies":[{"name":"wp","href":"https:\/\/api.w.org\/{rel}","templated":true}]}}