{"id":2657605,"date":"2025-09-16T00:59:51","date_gmt":"2025-09-15T22:59:51","guid":{"rendered":"https:\/\/streetmarkets.fr\/app\/produit\/boucles-doreilles-glycine\/"},"modified":"2026-05-10T00:58:41","modified_gmt":"2026-05-09T22:58:41","slug":"boucles-doreilles-glycine","status":"publish","type":"product","link":"https:\/\/streetmarkets.fr\/app\/produit\/boucles-doreilles-glycine\/","title":{"rendered":"Boucles d&#8217;oreilles Glycine"},"content":{"rendered":"<p>Ces boucles d&#8217;oreilles tout en d\u00e9licatesse\u00a0 r\u00e9inventent l\u2019esprit floral \u00e0 travers un design \u00e0 la fois graphique et po\u00e9tique. Inspir\u00e9es des grappes de fleurs de glycine, elles tombent avec l\u00e9g\u00e8ret\u00e9 le long du cou, comme une cascade dor\u00e9e en mouvement. C\u2019est un clin d\u2019\u0153il \u00e0 l\u2019Art Nouveau et \u00e0 l\u2019Art D\u00e9co, un mix qu\u2019on adore porter pour r\u00e9veiller un look simple ou accompagner une tenue plus habill\u00e9e.<\/p>\n<p>Pourquoi on l\u2019adore :<br data-start=\"684\" data-end=\"687\">Parce qu\u2019elles m\u00ealent avec finesse inspiration botanique et lignes stylis\u00e9es. Chaque \u00e9l\u00e9ment est finement grav\u00e9, d\u00e9coup\u00e9, puis assembl\u00e9 avec soin dans l\u2019atelier parisien de la cr\u00e9atrice. Un bijou qui bouge, qui capte la lumi\u00e8re, et qui affirme sans forcer.<\/p>\n","protected":false},"excerpt":{"rendered":"<p>Ces boucles d&#8217;oreilles tout en d\u00e9licatesse\u00a0 r\u00e9inventent l\u2019esprit floral \u00e0 travers un design \u00e0 la fois graphique et po\u00e9tique. Inspir\u00e9es des grappes de fleurs de glycine, elles tombent avec l\u00e9g\u00e8ret\u00e9 le long du cou, comme une cascade dor\u00e9e en mouvement. C\u2019est un clin d\u2019\u0153il \u00e0 l\u2019Art Nouveau et \u00e0 l\u2019Art D\u00e9co, un mix qu\u2019on adore [&hellip;]<\/p>\n","protected":false},"featured_media":2657606,"comment_status":"open","ping_status":"closed","template":"","meta":[],"product_brand":[],"product_cat":[1807,1756],"product_tag":[],"acf":[],"_links":{"self":[{"href":"https:\/\/streetmarkets.fr\/app\/wp-json\/wp\/v2\/product\/2657605"}],"collection":[{"href":"https:\/\/streetmarkets.fr\/app\/wp-json\/wp\/v2\/product"}],"about":[{"href":"https:\/\/streetmarkets.fr\/app\/wp-json\/wp\/v2\/types\/product"}],"replies":[{"embeddable":true,"href":"https:\/\/streetmarkets.fr\/app\/wp-json\/wp\/v2\/comments?post=2657605"}],"wp:featuredmedia":[{"embeddable":true,"href":"https:\/\/streetmarkets.fr\/app\/wp-json\/wp\/v2\/media\/2657606"}],"wp:attachment":[{"href":"https:\/\/streetmarkets.fr\/app\/wp-json\/wp\/v2\/media?parent=2657605"}],"wp:term":[{"taxonomy":"product_brand","embeddable":true,"href":"https:\/\/streetmarkets.fr\/app\/wp-json\/wp\/v2\/product_brand?post=2657605"},{"taxonomy":"product_cat","embeddable":true,"href":"https:\/\/streetmarkets.fr\/app\/wp-json\/wp\/v2\/product_cat?post=2657605"},{"taxonomy":"product_tag","embeddable":true,"href":"https:\/\/streetmarkets.fr\/app\/wp-json\/wp\/v2\/product_tag?post=2657605"}],"curies":[{"name":"wp","href":"https:\/\/api.w.org\/{rel}","templated":true}]}}