{"id":2657590,"date":"2025-09-16T00:59:12","date_gmt":"2025-09-15T22:59:12","guid":{"rendered":"https:\/\/streetmarkets.fr\/app\/produit\/bague-kasai\/"},"modified":"2026-05-05T00:58:44","modified_gmt":"2026-05-04T22:58:44","slug":"bague-kasai","status":"publish","type":"product","link":"https:\/\/streetmarkets.fr\/app\/produit\/bague-kasai\/","title":{"rendered":"Bague Kasa\u00ef"},"content":{"rendered":"<p>Un petit cercle martel\u00e9, une agate verte sertie entre deux perles dor\u00e9es\u2026 La bague Kasa\u00ef joue sur les contrastes entre mati\u00e8re brute et pierre polie, entre \u00e9clat dor\u00e9 et teinte v\u00e9g\u00e9tale. Discr\u00e8te mais pleine de caract\u00e8re, elle s\u2019inspire des tr\u00e9sors simples qu\u2019on aime garder pr\u00e8s de soi.<\/p>\n<p>Fa\u00e7onn\u00e9e \u00e0 la main par la cr\u00e9atrice dans son atelier, cette bague dor\u00e9e \u00e0 l\u2019or fin 24 carats allie finesse et savoir-faire artisanal.\u00a0<\/p>\n<p>D\u00e9tails \u00e0 conna\u00eetre :<br data-start=\"650\" data-end=\"653\">\u2022 Laiton dor\u00e9 \u00e0 l\u2019or fin 24 carats, finition bross\u00e9e.<br data-start=\"706\" data-end=\"709\">\u2022 Taille 54.<br data-start=\"720\" data-end=\"723\">\u2022 Motif cercle martel\u00e9 1 cm.<br data-start=\"752\" data-end=\"755\">\u2022 Perle d\u2019agate verte 0,4 cm.<br data-start=\"785\" data-end=\"788\">\u2022 Deux perles dor\u00e9es en encadrement.<br data-start=\"823\" data-end=\"826\">\u2022 Cr\u00e9ation dessin\u00e9e et fabriqu\u00e9e \u00e0 la main \u00e0 Paris.<\/p>\n","protected":false},"excerpt":{"rendered":"<p>Un petit cercle martel\u00e9, une agate verte sertie entre deux perles dor\u00e9es\u2026 La bague Kasa\u00ef joue sur les contrastes entre mati\u00e8re brute et pierre polie, entre \u00e9clat dor\u00e9 et teinte v\u00e9g\u00e9tale. Discr\u00e8te mais pleine de caract\u00e8re, elle s\u2019inspire des tr\u00e9sors simples qu\u2019on aime garder pr\u00e8s de soi. Fa\u00e7onn\u00e9e \u00e0 la main par la cr\u00e9atrice dans [&hellip;]<\/p>\n","protected":false},"featured_media":2657591,"comment_status":"open","ping_status":"closed","template":"","meta":[],"product_brand":[],"product_cat":[1807,1756],"product_tag":[1813],"acf":[],"_links":{"self":[{"href":"https:\/\/streetmarkets.fr\/app\/wp-json\/wp\/v2\/product\/2657590"}],"collection":[{"href":"https:\/\/streetmarkets.fr\/app\/wp-json\/wp\/v2\/product"}],"about":[{"href":"https:\/\/streetmarkets.fr\/app\/wp-json\/wp\/v2\/types\/product"}],"replies":[{"embeddable":true,"href":"https:\/\/streetmarkets.fr\/app\/wp-json\/wp\/v2\/comments?post=2657590"}],"wp:featuredmedia":[{"embeddable":true,"href":"https:\/\/streetmarkets.fr\/app\/wp-json\/wp\/v2\/media\/2657591"}],"wp:attachment":[{"href":"https:\/\/streetmarkets.fr\/app\/wp-json\/wp\/v2\/media?parent=2657590"}],"wp:term":[{"taxonomy":"product_brand","embeddable":true,"href":"https:\/\/streetmarkets.fr\/app\/wp-json\/wp\/v2\/product_brand?post=2657590"},{"taxonomy":"product_cat","embeddable":true,"href":"https:\/\/streetmarkets.fr\/app\/wp-json\/wp\/v2\/product_cat?post=2657590"},{"taxonomy":"product_tag","embeddable":true,"href":"https:\/\/streetmarkets.fr\/app\/wp-json\/wp\/v2\/product_tag?post=2657590"}],"curies":[{"name":"wp","href":"https:\/\/api.w.org\/{rel}","templated":true}]}}