{"id":2646139,"date":"2025-09-14T01:57:23","date_gmt":"2025-09-13T23:57:23","guid":{"rendered":"https:\/\/streetmarkets.fr\/app\/produit\/casquette-from-future-h25-accessoires-washed-black\/"},"modified":"2025-12-28T00:48:01","modified_gmt":"2025-12-27T23:48:01","slug":"casquette-from-future-h25-accessoires-washed-black","status":"publish","type":"product","link":"https:\/\/streetmarkets.fr\/app\/produit\/casquette-from-future-h25-accessoires-washed-black\/","title":{"rendered":"Casquette From Future (H25 \/ ACCESSOIRES \/ Washed Black)"},"content":{"rendered":"<p>C&#8217;est l&#8217;accessoire incontournable pour une allure casual : la casquette From Future se d\u00e9cline cette saison dans une version orn\u00e9e d&#8217;une broderie signature. Confectionn\u00e9e en coton, elle est munie d&#8217;une visi\u00e8re courb\u00e9e et d&#8217;une sangle ajustable au dos.<\/p>\n<p>&#8211; Casquette en coton<br \/>\n<br \/>&#8211; Broderie From Future<br \/>\n<br \/>&#8211; Visi\u00e8re courb\u00e9e<br \/>\n<br \/>&#8211; Sangle ajustable<br \/>\n<br \/>&#8211; Taille unique<\/p>\n","protected":false},"excerpt":{"rendered":"<p>C&#8217;est l&#8217;accessoire incontournable pour une allure casual : la casquette From Future se d\u00e9cline cette saison dans une version orn\u00e9e d&#8217;une broderie signature. Confectionn\u00e9e en coton, elle est munie d&#8217;une visi\u00e8re courb\u00e9e et d&#8217;une sangle ajustable au dos. &#8211; Casquette en coton &#8211; Broderie From Future &#8211; Visi\u00e8re courb\u00e9e &#8211; Sangle ajustable &#8211; Taille unique<\/p>\n","protected":false},"featured_media":2646140,"comment_status":"open","ping_status":"closed","template":"","meta":[],"product_brand":[6868],"product_cat":[1756,1760],"product_tag":[2244],"acf":[],"_links":{"self":[{"href":"https:\/\/streetmarkets.fr\/app\/wp-json\/wp\/v2\/product\/2646139"}],"collection":[{"href":"https:\/\/streetmarkets.fr\/app\/wp-json\/wp\/v2\/product"}],"about":[{"href":"https:\/\/streetmarkets.fr\/app\/wp-json\/wp\/v2\/types\/product"}],"replies":[{"embeddable":true,"href":"https:\/\/streetmarkets.fr\/app\/wp-json\/wp\/v2\/comments?post=2646139"}],"wp:featuredmedia":[{"embeddable":true,"href":"https:\/\/streetmarkets.fr\/app\/wp-json\/wp\/v2\/media\/2646140"}],"wp:attachment":[{"href":"https:\/\/streetmarkets.fr\/app\/wp-json\/wp\/v2\/media?parent=2646139"}],"wp:term":[{"taxonomy":"product_brand","embeddable":true,"href":"https:\/\/streetmarkets.fr\/app\/wp-json\/wp\/v2\/product_brand?post=2646139"},{"taxonomy":"product_cat","embeddable":true,"href":"https:\/\/streetmarkets.fr\/app\/wp-json\/wp\/v2\/product_cat?post=2646139"},{"taxonomy":"product_tag","embeddable":true,"href":"https:\/\/streetmarkets.fr\/app\/wp-json\/wp\/v2\/product_tag?post=2646139"}],"curies":[{"name":"wp","href":"https:\/\/api.w.org\/{rel}","templated":true}]}}