{"id":2645396,"date":"2025-09-13T04:06:29","date_gmt":"2025-09-13T02:06:29","guid":{"rendered":"https:\/\/streetmarkets.fr\/app\/produit\/lazy-ss-tee-4\/"},"modified":"2026-04-29T03:50:59","modified_gmt":"2026-04-29T01:50:59","slug":"lazy-ss-tee-4","status":"publish","type":"product","link":"https:\/\/streetmarkets.fr\/app\/produit\/lazy-ss-tee-4\/","title":{"rendered":"Lazy SS Tee"},"content":{"rendered":"<p style=\"text-align: center\"><strong><span data-sheets-root=\"1\">Les produits St\u00fcssy ne peuvent \u00eatre exp\u00e9di\u00e9s<br \/>Seul le retrait en boutique \u00e0 Paris est possible via le site Internet<\/span><\/strong><\/p>\n<ul>\n<li>Coupe d\u00e9contract\u00e9e avec coutures apparentes \u00e0 l&#8217;int\u00e9rieur.<\/li>\n<li>Coton teint \u00e0 l&#8217;aide de pigments, 190 g\/m\u00b2.<\/li>\n<li>Col rond c\u00f4tel\u00e9.<\/li>\n<li>Logo St\u00fcssy imprim\u00e9 en relief sur le c\u00f4t\u00e9 gauche de la poitrine.<\/li>\n<\/ul>\n<p>100% coton<\/p>\n<p>1140283 \/ 2672<\/p>\n","protected":false},"excerpt":{"rendered":"<p>Les produits St\u00fcssy ne peuvent \u00eatre exp\u00e9di\u00e9sSeul le retrait en boutique \u00e0 Paris est possible via le site Internet Coupe d\u00e9contract\u00e9e avec coutures apparentes \u00e0 l&#8217;int\u00e9rieur. Coton teint \u00e0 l&#8217;aide de pigments, 190 g\/m\u00b2. Col rond c\u00f4tel\u00e9. Logo St\u00fcssy imprim\u00e9 en relief sur le c\u00f4t\u00e9 gauche de la poitrine. 100% coton 1140283 \/ 2672<\/p>\n","protected":false},"featured_media":2645397,"comment_status":"open","ping_status":"closed","template":"","meta":[],"product_brand":[],"product_cat":[1756,1758],"product_tag":[2244],"acf":[],"_links":{"self":[{"href":"https:\/\/streetmarkets.fr\/app\/wp-json\/wp\/v2\/product\/2645396"}],"collection":[{"href":"https:\/\/streetmarkets.fr\/app\/wp-json\/wp\/v2\/product"}],"about":[{"href":"https:\/\/streetmarkets.fr\/app\/wp-json\/wp\/v2\/types\/product"}],"replies":[{"embeddable":true,"href":"https:\/\/streetmarkets.fr\/app\/wp-json\/wp\/v2\/comments?post=2645396"}],"wp:featuredmedia":[{"embeddable":true,"href":"https:\/\/streetmarkets.fr\/app\/wp-json\/wp\/v2\/media\/2645397"}],"wp:attachment":[{"href":"https:\/\/streetmarkets.fr\/app\/wp-json\/wp\/v2\/media?parent=2645396"}],"wp:term":[{"taxonomy":"product_brand","embeddable":true,"href":"https:\/\/streetmarkets.fr\/app\/wp-json\/wp\/v2\/product_brand?post=2645396"},{"taxonomy":"product_cat","embeddable":true,"href":"https:\/\/streetmarkets.fr\/app\/wp-json\/wp\/v2\/product_cat?post=2645396"},{"taxonomy":"product_tag","embeddable":true,"href":"https:\/\/streetmarkets.fr\/app\/wp-json\/wp\/v2\/product_tag?post=2645396"}],"curies":[{"name":"wp","href":"https:\/\/api.w.org\/{rel}","templated":true}]}}