{"id":2645346,"date":"2025-09-13T04:06:21","date_gmt":"2025-09-13T02:06:21","guid":{"rendered":"https:\/\/streetmarkets.fr\/app\/produit\/speedway-tee\/"},"modified":"2026-05-06T03:50:56","modified_gmt":"2026-05-06T01:50:56","slug":"speedway-tee","status":"publish","type":"product","link":"https:\/\/streetmarkets.fr\/app\/produit\/speedway-tee\/","title":{"rendered":"Speedway Tee"},"content":{"rendered":"<p style=\"text-align: center\"><strong><span data-sheets-root=\"1\">Les produits St\u00fcssy ne peuvent \u00eatre exp\u00e9di\u00e9s<br \/>Seul le retrait en boutique \u00e0 Paris est possible via le site Internet<\/span><\/strong><\/p>\n<ul>\n<li>T-shirt \u00e0 manches courtes et coupe d\u00e9contract\u00e9e<\/li>\n<li>Jersey de coton teint dans la masse, poids moyen, 220 g\/m\u00b2<\/li>\n<li>Col rond c\u00f4tel\u00e9<\/li>\n<li>Imprim\u00e9s s\u00e9rigraphi\u00e9s<\/li>\n<li>Unisexe<\/li>\n<\/ul>\n<p>100% coton<\/p>\n<p>1905123 \/ 0483<\/p>\n","protected":false},"excerpt":{"rendered":"<p>Les produits St\u00fcssy ne peuvent \u00eatre exp\u00e9di\u00e9sSeul le retrait en boutique \u00e0 Paris est possible via le site Internet T-shirt \u00e0 manches courtes et coupe d\u00e9contract\u00e9e Jersey de coton teint dans la masse, poids moyen, 220 g\/m\u00b2 Col rond c\u00f4tel\u00e9 Imprim\u00e9s s\u00e9rigraphi\u00e9s Unisexe 100% coton 1905123 \/ 0483<\/p>\n","protected":false},"featured_media":2645347,"comment_status":"open","ping_status":"closed","template":"","meta":[],"product_brand":[],"product_cat":[1756,1758],"product_tag":[2244],"acf":[],"_links":{"self":[{"href":"https:\/\/streetmarkets.fr\/app\/wp-json\/wp\/v2\/product\/2645346"}],"collection":[{"href":"https:\/\/streetmarkets.fr\/app\/wp-json\/wp\/v2\/product"}],"about":[{"href":"https:\/\/streetmarkets.fr\/app\/wp-json\/wp\/v2\/types\/product"}],"replies":[{"embeddable":true,"href":"https:\/\/streetmarkets.fr\/app\/wp-json\/wp\/v2\/comments?post=2645346"}],"wp:featuredmedia":[{"embeddable":true,"href":"https:\/\/streetmarkets.fr\/app\/wp-json\/wp\/v2\/media\/2645347"}],"wp:attachment":[{"href":"https:\/\/streetmarkets.fr\/app\/wp-json\/wp\/v2\/media?parent=2645346"}],"wp:term":[{"taxonomy":"product_brand","embeddable":true,"href":"https:\/\/streetmarkets.fr\/app\/wp-json\/wp\/v2\/product_brand?post=2645346"},{"taxonomy":"product_cat","embeddable":true,"href":"https:\/\/streetmarkets.fr\/app\/wp-json\/wp\/v2\/product_cat?post=2645346"},{"taxonomy":"product_tag","embeddable":true,"href":"https:\/\/streetmarkets.fr\/app\/wp-json\/wp\/v2\/product_tag?post=2645346"}],"curies":[{"name":"wp","href":"https:\/\/api.w.org\/{rel}","templated":true}]}}