{"id":2645306,"date":"2025-09-13T04:06:16","date_gmt":"2025-09-13T02:06:16","guid":{"rendered":"https:\/\/streetmarkets.fr\/app\/produit\/speedway-zip-hood\/"},"modified":"2026-05-09T03:50:51","modified_gmt":"2026-05-09T01:50:51","slug":"speedway-zip-hood","status":"publish","type":"product","link":"https:\/\/streetmarkets.fr\/app\/produit\/speedway-zip-hood\/","title":{"rendered":"Speedway Zip Hood"},"content":{"rendered":"<p style=\"text-align: center\"><strong><span data-sheets-root=\"1\">Les produits St\u00fcssy ne peuvent \u00eatre exp\u00e9di\u00e9s<br \/>Seul le retrait en boutique \u00e0 Paris est possible via le site Internet<\/span><\/strong><\/p>\n<ul>\n<li>Sweat \u00e0 capuche en molleton avec fermeture \u00e9clair sur le devant<\/li>\n<li>Coupe d\u00e9contract\u00e9e.<\/li>\n<li>M\u00e9lange de coton \u00e9pais 430 g\/m\u00b2.<\/li>\n<li>Cordon rond dans la capuche.<\/li>\n<li>Fermeture \u00e9clair YKK sur le devant.<\/li>\n<li>Graphiques s\u00e9rigraphi\u00e9s sur les manches.<\/li>\n<li>Poignets et ourlet c\u00f4tel\u00e9s.<\/li>\n<li>Poches plaqu\u00e9es.<\/li>\n<\/ul>\n<p>75% coton 25% polyester<\/p>\n<p>1975123 \/ 0001<\/p>\n","protected":false},"excerpt":{"rendered":"<p>Les produits St\u00fcssy ne peuvent \u00eatre exp\u00e9di\u00e9sSeul le retrait en boutique \u00e0 Paris est possible via le site Internet Sweat \u00e0 capuche en molleton avec fermeture \u00e9clair sur le devant Coupe d\u00e9contract\u00e9e. M\u00e9lange de coton \u00e9pais 430 g\/m\u00b2. Cordon rond dans la capuche. Fermeture \u00e9clair YKK sur le devant. Graphiques s\u00e9rigraphi\u00e9s sur les manches. Poignets [&hellip;]<\/p>\n","protected":false},"featured_media":2645307,"comment_status":"open","ping_status":"closed","template":"","meta":[],"product_brand":[],"product_cat":[1756,1758],"product_tag":[2244],"acf":[],"_links":{"self":[{"href":"https:\/\/streetmarkets.fr\/app\/wp-json\/wp\/v2\/product\/2645306"}],"collection":[{"href":"https:\/\/streetmarkets.fr\/app\/wp-json\/wp\/v2\/product"}],"about":[{"href":"https:\/\/streetmarkets.fr\/app\/wp-json\/wp\/v2\/types\/product"}],"replies":[{"embeddable":true,"href":"https:\/\/streetmarkets.fr\/app\/wp-json\/wp\/v2\/comments?post=2645306"}],"wp:featuredmedia":[{"embeddable":true,"href":"https:\/\/streetmarkets.fr\/app\/wp-json\/wp\/v2\/media\/2645307"}],"wp:attachment":[{"href":"https:\/\/streetmarkets.fr\/app\/wp-json\/wp\/v2\/media?parent=2645306"}],"wp:term":[{"taxonomy":"product_brand","embeddable":true,"href":"https:\/\/streetmarkets.fr\/app\/wp-json\/wp\/v2\/product_brand?post=2645306"},{"taxonomy":"product_cat","embeddable":true,"href":"https:\/\/streetmarkets.fr\/app\/wp-json\/wp\/v2\/product_cat?post=2645306"},{"taxonomy":"product_tag","embeddable":true,"href":"https:\/\/streetmarkets.fr\/app\/wp-json\/wp\/v2\/product_tag?post=2645306"}],"curies":[{"name":"wp","href":"https:\/\/api.w.org\/{rel}","templated":true}]}}