{"id":2645256,"date":"2025-09-13T04:05:26","date_gmt":"2025-09-13T02:05:26","guid":{"rendered":"https:\/\/streetmarkets.fr\/app\/produit\/carpenter-pant-canvas-2\/"},"modified":"2026-05-10T03:51:25","modified_gmt":"2026-05-10T01:51:25","slug":"carpenter-pant-canvas-2","status":"publish","type":"product","link":"https:\/\/streetmarkets.fr\/app\/produit\/carpenter-pant-canvas-2\/","title":{"rendered":"Carpenter Pant Canvas"},"content":{"rendered":"<p style=\"text-align: center\"><strong><span data-sheets-root=\"1\">Les produits St\u00fcssy ne peuvent \u00eatre exp\u00e9di\u00e9s<br \/>Seul le retrait en boutique \u00e0 Paris est possible via le site Internet<\/span><\/strong><\/p>\n<p>100% coton<\/p>\n<p>116722 \/ 0001<\/p>\n","protected":false},"excerpt":{"rendered":"<p>Les produits St\u00fcssy ne peuvent \u00eatre exp\u00e9di\u00e9sSeul le retrait en boutique \u00e0 Paris est possible via le site Internet 100% coton 116722 \/ 0001<\/p>\n","protected":false},"featured_media":2645257,"comment_status":"open","ping_status":"closed","template":"","meta":[],"product_brand":[],"product_cat":[1756,1758],"product_tag":[2244],"acf":[],"_links":{"self":[{"href":"https:\/\/streetmarkets.fr\/app\/wp-json\/wp\/v2\/product\/2645256"}],"collection":[{"href":"https:\/\/streetmarkets.fr\/app\/wp-json\/wp\/v2\/product"}],"about":[{"href":"https:\/\/streetmarkets.fr\/app\/wp-json\/wp\/v2\/types\/product"}],"replies":[{"embeddable":true,"href":"https:\/\/streetmarkets.fr\/app\/wp-json\/wp\/v2\/comments?post=2645256"}],"wp:featuredmedia":[{"embeddable":true,"href":"https:\/\/streetmarkets.fr\/app\/wp-json\/wp\/v2\/media\/2645257"}],"wp:attachment":[{"href":"https:\/\/streetmarkets.fr\/app\/wp-json\/wp\/v2\/media?parent=2645256"}],"wp:term":[{"taxonomy":"product_brand","embeddable":true,"href":"https:\/\/streetmarkets.fr\/app\/wp-json\/wp\/v2\/product_brand?post=2645256"},{"taxonomy":"product_cat","embeddable":true,"href":"https:\/\/streetmarkets.fr\/app\/wp-json\/wp\/v2\/product_cat?post=2645256"},{"taxonomy":"product_tag","embeddable":true,"href":"https:\/\/streetmarkets.fr\/app\/wp-json\/wp\/v2\/product_tag?post=2645256"}],"curies":[{"name":"wp","href":"https:\/\/api.w.org\/{rel}","templated":true}]}}