{"id":2645135,"date":"2025-09-13T04:05:10","date_gmt":"2025-09-13T02:05:10","guid":{"rendered":"https:\/\/streetmarkets.fr\/app\/produit\/utility-pant\/"},"modified":"2026-05-16T03:50:54","modified_gmt":"2026-05-16T01:50:54","slug":"utility-pant","status":"publish","type":"product","link":"https:\/\/streetmarkets.fr\/app\/produit\/utility-pant\/","title":{"rendered":"Utility Pant"},"content":{"rendered":"<p style=\"text-align: center\"><strong><span data-sheets-root=\"1\">Les produits St\u00fcssy ne peuvent \u00eatre exp\u00e9di\u00e9s<br \/>Seul le retrait en boutique \u00e0 Paris est possible via le site Internet<\/span><\/strong><\/p>\n<p>100% nylon<\/p>\n<p>116718 \/ 0001<\/p>\n","protected":false},"excerpt":{"rendered":"<p>Les produits St\u00fcssy ne peuvent \u00eatre exp\u00e9di\u00e9sSeul le retrait en boutique \u00e0 Paris est possible via le site Internet 100% nylon 116718 \/ 0001<\/p>\n","protected":false},"featured_media":2645136,"comment_status":"open","ping_status":"closed","template":"","meta":[],"product_brand":[],"product_cat":[1756,1758],"product_tag":[2244],"acf":[],"_links":{"self":[{"href":"https:\/\/streetmarkets.fr\/app\/wp-json\/wp\/v2\/product\/2645135"}],"collection":[{"href":"https:\/\/streetmarkets.fr\/app\/wp-json\/wp\/v2\/product"}],"about":[{"href":"https:\/\/streetmarkets.fr\/app\/wp-json\/wp\/v2\/types\/product"}],"replies":[{"embeddable":true,"href":"https:\/\/streetmarkets.fr\/app\/wp-json\/wp\/v2\/comments?post=2645135"}],"wp:featuredmedia":[{"embeddable":true,"href":"https:\/\/streetmarkets.fr\/app\/wp-json\/wp\/v2\/media\/2645136"}],"wp:attachment":[{"href":"https:\/\/streetmarkets.fr\/app\/wp-json\/wp\/v2\/media?parent=2645135"}],"wp:term":[{"taxonomy":"product_brand","embeddable":true,"href":"https:\/\/streetmarkets.fr\/app\/wp-json\/wp\/v2\/product_brand?post=2645135"},{"taxonomy":"product_cat","embeddable":true,"href":"https:\/\/streetmarkets.fr\/app\/wp-json\/wp\/v2\/product_cat?post=2645135"},{"taxonomy":"product_tag","embeddable":true,"href":"https:\/\/streetmarkets.fr\/app\/wp-json\/wp\/v2\/product_tag?post=2645135"}],"curies":[{"name":"wp","href":"https:\/\/api.w.org\/{rel}","templated":true}]}}