{"id":2645103,"date":"2025-09-13T04:05:07","date_gmt":"2025-09-13T02:05:07","guid":{"rendered":"https:\/\/streetmarkets.fr\/app\/produit\/perfume-oil-maghrib-2\/"},"modified":"2026-05-10T03:51:24","modified_gmt":"2026-05-10T01:51:24","slug":"perfume-oil-maghrib-2","status":"publish","type":"product","link":"https:\/\/streetmarkets.fr\/app\/produit\/perfume-oil-maghrib-2\/","title":{"rendered":"Perfume Oil MAGHRIB"},"content":{"rendered":"<p>Imaginez que vous regardez le coucher de soleil depuis le toit d&#8217;un gratte-ciel par une chaude nuit d&#8217;\u00e9t\u00e9. Un parfum fum\u00e9 et bois\u00e9 avec une pointe de pomme sucr\u00e9e, qui rappelle la fum\u00e9e trouble de la chicha.<\/p>\n<p><span>Note de T\u00eate : POMME, POIVRE<\/span><\/p>\n<p><span>Note de Coeur : TABAC<\/span><\/p>\n<p><span>Note de Fond : ENCENS, BOIS DE C\u00c8DRE, MUSC<\/span><\/p>\n<p>7350113920010<\/p>\n","protected":false},"excerpt":{"rendered":"<p>Imaginez que vous regardez le coucher de soleil depuis le toit d&#8217;un gratte-ciel par une chaude nuit d&#8217;\u00e9t\u00e9. Un parfum fum\u00e9 et bois\u00e9 avec une pointe de pomme sucr\u00e9e, qui rappelle la fum\u00e9e trouble de la chicha. Note de T\u00eate : POMME, POIVRE Note de Coeur : TABAC Note de Fond : ENCENS, BOIS DE [&hellip;]<\/p>\n","protected":false},"featured_media":2645104,"comment_status":"open","ping_status":"closed","template":"","meta":[],"product_brand":[],"product_cat":[1756,1760],"product_tag":[2244],"acf":[],"_links":{"self":[{"href":"https:\/\/streetmarkets.fr\/app\/wp-json\/wp\/v2\/product\/2645103"}],"collection":[{"href":"https:\/\/streetmarkets.fr\/app\/wp-json\/wp\/v2\/product"}],"about":[{"href":"https:\/\/streetmarkets.fr\/app\/wp-json\/wp\/v2\/types\/product"}],"replies":[{"embeddable":true,"href":"https:\/\/streetmarkets.fr\/app\/wp-json\/wp\/v2\/comments?post=2645103"}],"wp:featuredmedia":[{"embeddable":true,"href":"https:\/\/streetmarkets.fr\/app\/wp-json\/wp\/v2\/media\/2645104"}],"wp:attachment":[{"href":"https:\/\/streetmarkets.fr\/app\/wp-json\/wp\/v2\/media?parent=2645103"}],"wp:term":[{"taxonomy":"product_brand","embeddable":true,"href":"https:\/\/streetmarkets.fr\/app\/wp-json\/wp\/v2\/product_brand?post=2645103"},{"taxonomy":"product_cat","embeddable":true,"href":"https:\/\/streetmarkets.fr\/app\/wp-json\/wp\/v2\/product_cat?post=2645103"},{"taxonomy":"product_tag","embeddable":true,"href":"https:\/\/streetmarkets.fr\/app\/wp-json\/wp\/v2\/product_tag?post=2645103"}],"curies":[{"name":"wp","href":"https:\/\/api.w.org\/{rel}","templated":true}]}}