{"id":2645098,"date":"2025-09-13T04:05:06","date_gmt":"2025-09-13T02:05:06","guid":{"rendered":"https:\/\/streetmarkets.fr\/app\/produit\/perfume-oil-limbo\/"},"modified":"2026-05-06T03:50:54","modified_gmt":"2026-05-06T01:50:54","slug":"perfume-oil-limbo","status":"publish","type":"product","link":"https:\/\/streetmarkets.fr\/app\/produit\/perfume-oil-limbo\/","title":{"rendered":"Perfume Oil LIMBO"},"content":{"rendered":"<p>Un hommage \u00e0 la complexit\u00e9 qui r\u00e9side dans l&#8217;entre-deux, entre la s\u00e9curit\u00e9 du sanctuaire et la puissance de l&#8217;incertitude. Un parfum intr\u00e9pide o\u00f9 la rhubarbe, le foin et l&#8217;ylang-ylang se partagent la sc\u00e8ne malgr\u00e9 leurs diff\u00e9rences. Ce qui ne devrait pas fonctionner en th\u00e9orie, fonctionne en pratique.<\/p>\n<p>Note de T\u00eate : RHUBARBE<\/p>\n<p>Note de Coeur : YLANG YLANG, FOIN<\/p>\n<p>Note de Fond : MYRRHE, BOIS DE SANTAL<\/p>\n<p>7350113920034<\/p>\n","protected":false},"excerpt":{"rendered":"<p>Un hommage \u00e0 la complexit\u00e9 qui r\u00e9side dans l&#8217;entre-deux, entre la s\u00e9curit\u00e9 du sanctuaire et la puissance de l&#8217;incertitude. Un parfum intr\u00e9pide o\u00f9 la rhubarbe, le foin et l&#8217;ylang-ylang se partagent la sc\u00e8ne malgr\u00e9 leurs diff\u00e9rences. Ce qui ne devrait pas fonctionner en th\u00e9orie, fonctionne en pratique. Note de T\u00eate : RHUBARBE Note de Coeur [&hellip;]<\/p>\n","protected":false},"featured_media":2645099,"comment_status":"open","ping_status":"closed","template":"","meta":[],"product_brand":[],"product_cat":[1756,1760],"product_tag":[2244],"acf":[],"_links":{"self":[{"href":"https:\/\/streetmarkets.fr\/app\/wp-json\/wp\/v2\/product\/2645098"}],"collection":[{"href":"https:\/\/streetmarkets.fr\/app\/wp-json\/wp\/v2\/product"}],"about":[{"href":"https:\/\/streetmarkets.fr\/app\/wp-json\/wp\/v2\/types\/product"}],"replies":[{"embeddable":true,"href":"https:\/\/streetmarkets.fr\/app\/wp-json\/wp\/v2\/comments?post=2645098"}],"wp:featuredmedia":[{"embeddable":true,"href":"https:\/\/streetmarkets.fr\/app\/wp-json\/wp\/v2\/media\/2645099"}],"wp:attachment":[{"href":"https:\/\/streetmarkets.fr\/app\/wp-json\/wp\/v2\/media?parent=2645098"}],"wp:term":[{"taxonomy":"product_brand","embeddable":true,"href":"https:\/\/streetmarkets.fr\/app\/wp-json\/wp\/v2\/product_brand?post=2645098"},{"taxonomy":"product_cat","embeddable":true,"href":"https:\/\/streetmarkets.fr\/app\/wp-json\/wp\/v2\/product_cat?post=2645098"},{"taxonomy":"product_tag","embeddable":true,"href":"https:\/\/streetmarkets.fr\/app\/wp-json\/wp\/v2\/product_tag?post=2645098"}],"curies":[{"name":"wp","href":"https:\/\/api.w.org\/{rel}","templated":true}]}}