{"id":2645093,"date":"2025-09-13T04:05:06","date_gmt":"2025-09-13T02:05:06","guid":{"rendered":"https:\/\/streetmarkets.fr\/app\/produit\/perfume-oil-bliss\/"},"modified":"2026-05-10T03:51:24","modified_gmt":"2026-05-10T01:51:24","slug":"perfume-oil-bliss","status":"publish","type":"product","link":"https:\/\/streetmarkets.fr\/app\/produit\/perfume-oil-bliss\/","title":{"rendered":"Perfume Oil BLISS"},"content":{"rendered":"<p>Une invitation chaleureuse aux foyers de la diaspora qui se manifeste sous la forme de friandises \u00e0 la coque dure. Vanille verte, safran, amande et cuir su\u00e9d\u00e9, le tout envelopp\u00e9 dans un acte d&#8217;amour d\u00e9sint\u00e9ress\u00e9.<\/p>\n<p>Note de T\u00eate : NOISETTE, RHUM, CANELLE<\/p>\n<p>Note de Coeur : IRIS, SAFRAN, F\u00c8VE TONKA<\/p>\n<p>Note de Fond :\u00a0VANILLE VERTE, CUIR, BOIS DE SANTAL<\/p>\n<p>7350113920157<\/p>\n","protected":false},"excerpt":{"rendered":"<p>Une invitation chaleureuse aux foyers de la diaspora qui se manifeste sous la forme de friandises \u00e0 la coque dure. Vanille verte, safran, amande et cuir su\u00e9d\u00e9, le tout envelopp\u00e9 dans un acte d&#8217;amour d\u00e9sint\u00e9ress\u00e9. Note de T\u00eate : NOISETTE, RHUM, CANELLE Note de Coeur : IRIS, SAFRAN, F\u00c8VE TONKA Note de Fond :\u00a0VANILLE VERTE, [&hellip;]<\/p>\n","protected":false},"featured_media":2645094,"comment_status":"open","ping_status":"closed","template":"","meta":[],"product_brand":[],"product_cat":[1756,1760],"product_tag":[2244],"acf":[],"_links":{"self":[{"href":"https:\/\/streetmarkets.fr\/app\/wp-json\/wp\/v2\/product\/2645093"}],"collection":[{"href":"https:\/\/streetmarkets.fr\/app\/wp-json\/wp\/v2\/product"}],"about":[{"href":"https:\/\/streetmarkets.fr\/app\/wp-json\/wp\/v2\/types\/product"}],"replies":[{"embeddable":true,"href":"https:\/\/streetmarkets.fr\/app\/wp-json\/wp\/v2\/comments?post=2645093"}],"wp:featuredmedia":[{"embeddable":true,"href":"https:\/\/streetmarkets.fr\/app\/wp-json\/wp\/v2\/media\/2645094"}],"wp:attachment":[{"href":"https:\/\/streetmarkets.fr\/app\/wp-json\/wp\/v2\/media?parent=2645093"}],"wp:term":[{"taxonomy":"product_brand","embeddable":true,"href":"https:\/\/streetmarkets.fr\/app\/wp-json\/wp\/v2\/product_brand?post=2645093"},{"taxonomy":"product_cat","embeddable":true,"href":"https:\/\/streetmarkets.fr\/app\/wp-json\/wp\/v2\/product_cat?post=2645093"},{"taxonomy":"product_tag","embeddable":true,"href":"https:\/\/streetmarkets.fr\/app\/wp-json\/wp\/v2\/product_tag?post=2645093"}],"curies":[{"name":"wp","href":"https:\/\/api.w.org\/{rel}","templated":true}]}}