{"id":2645088,"date":"2025-09-13T04:05:05","date_gmt":"2025-09-13T02:05:05","guid":{"rendered":"https:\/\/streetmarkets.fr\/app\/produit\/perfume-oil-dawn\/"},"modified":"2026-05-10T03:51:24","modified_gmt":"2026-05-10T01:51:24","slug":"perfume-oil-dawn","status":"publish","type":"product","link":"https:\/\/streetmarkets.fr\/app\/produit\/perfume-oil-dawn\/","title":{"rendered":"Perfume Oil DAWN"},"content":{"rendered":"<p>Inspir\u00e9 par le rituel c\u00e9r\u00e9monieux qui consiste \u00e0 verser le th\u00e9 d&#8217;une hauteur vertigineuse avec une pr\u00e9cision parfaite. Le mat\u00e9, le poivre de Sichuan et la cannelle sont r\u00e9unis dans un m\u00e9lange parfait.<\/p>\n<p>\u00a0<\/p>\n<p>Note de Coeur : POIVRE DE SICHUAN,\u00a0MAT\u00c9, SUCRE<\/p>\n<p>Note de Fond :\u00a0 BOIS DE C\u00c8DRE, MUSC BLANC<\/p>\n<p>7350113920164<\/p>\n","protected":false},"excerpt":{"rendered":"<p>Inspir\u00e9 par le rituel c\u00e9r\u00e9monieux qui consiste \u00e0 verser le th\u00e9 d&#8217;une hauteur vertigineuse avec une pr\u00e9cision parfaite. Le mat\u00e9, le poivre de Sichuan et la cannelle sont r\u00e9unis dans un m\u00e9lange parfait. \u00a0 Note de Coeur : POIVRE DE SICHUAN,\u00a0MAT\u00c9, SUCRE Note de Fond :\u00a0 BOIS DE C\u00c8DRE, MUSC BLANC 7350113920164<\/p>\n","protected":false},"featured_media":2645089,"comment_status":"open","ping_status":"closed","template":"","meta":[],"product_brand":[],"product_cat":[1756,1760],"product_tag":[2244],"acf":[],"_links":{"self":[{"href":"https:\/\/streetmarkets.fr\/app\/wp-json\/wp\/v2\/product\/2645088"}],"collection":[{"href":"https:\/\/streetmarkets.fr\/app\/wp-json\/wp\/v2\/product"}],"about":[{"href":"https:\/\/streetmarkets.fr\/app\/wp-json\/wp\/v2\/types\/product"}],"replies":[{"embeddable":true,"href":"https:\/\/streetmarkets.fr\/app\/wp-json\/wp\/v2\/comments?post=2645088"}],"wp:featuredmedia":[{"embeddable":true,"href":"https:\/\/streetmarkets.fr\/app\/wp-json\/wp\/v2\/media\/2645089"}],"wp:attachment":[{"href":"https:\/\/streetmarkets.fr\/app\/wp-json\/wp\/v2\/media?parent=2645088"}],"wp:term":[{"taxonomy":"product_brand","embeddable":true,"href":"https:\/\/streetmarkets.fr\/app\/wp-json\/wp\/v2\/product_brand?post=2645088"},{"taxonomy":"product_cat","embeddable":true,"href":"https:\/\/streetmarkets.fr\/app\/wp-json\/wp\/v2\/product_cat?post=2645088"},{"taxonomy":"product_tag","embeddable":true,"href":"https:\/\/streetmarkets.fr\/app\/wp-json\/wp\/v2\/product_tag?post=2645088"}],"curies":[{"name":"wp","href":"https:\/\/api.w.org\/{rel}","templated":true}]}}