{"id":2645084,"date":"2025-09-13T04:05:05","date_gmt":"2025-09-13T02:05:05","guid":{"rendered":"https:\/\/streetmarkets.fr\/app\/produit\/perfume-oil-winter-saga\/"},"modified":"2026-05-06T03:50:54","modified_gmt":"2026-05-06T01:50:54","slug":"perfume-oil-winter-saga","status":"publish","type":"product","link":"https:\/\/streetmarkets.fr\/app\/produit\/perfume-oil-winter-saga\/","title":{"rendered":"Perfume Oil WINTER SAGA"},"content":{"rendered":"<p>Une c\u00e9l\u00e9bration de l&#8217;essence mondiale de l&#8217;hiver, influenc\u00e9e par un ch\u0153ur de voix. L&#8217;un des premiers parfums au monde cr\u00e9\u00e9s par les utilisateurs pr\u00e9sente un m\u00e9lange harmonieux de chaleur \u00e9pic\u00e9e et de bois glac\u00e9s qui se fondra gracieusement sur votre peau pendant la saison la plus froide.<\/p>\n<p><span>Note de T\u00eate : GINGEMBRE, POIVRE SICHUAN<\/span><\/p>\n<p><span>Note de Coeur :\u00a0CYPR\u00c8S JAPONAIS,\u00a0BOIS DE C\u00c8DRE, CANNELLE<\/span><\/p>\n<p><span>Note de Fond : MUSC, AMBRE\u00a0<\/span><\/p>\n<p><span>7350113920096<\/span><\/p>\n<p>\u00a0<\/p>\n","protected":false},"excerpt":{"rendered":"<p>Une c\u00e9l\u00e9bration de l&#8217;essence mondiale de l&#8217;hiver, influenc\u00e9e par un ch\u0153ur de voix. L&#8217;un des premiers parfums au monde cr\u00e9\u00e9s par les utilisateurs pr\u00e9sente un m\u00e9lange harmonieux de chaleur \u00e9pic\u00e9e et de bois glac\u00e9s qui se fondra gracieusement sur votre peau pendant la saison la plus froide. Note de T\u00eate : GINGEMBRE, POIVRE SICHUAN Note [&hellip;]<\/p>\n","protected":false},"featured_media":2645085,"comment_status":"open","ping_status":"closed","template":"","meta":[],"product_brand":[],"product_cat":[1756,1760],"product_tag":[2244],"acf":[],"_links":{"self":[{"href":"https:\/\/streetmarkets.fr\/app\/wp-json\/wp\/v2\/product\/2645084"}],"collection":[{"href":"https:\/\/streetmarkets.fr\/app\/wp-json\/wp\/v2\/product"}],"about":[{"href":"https:\/\/streetmarkets.fr\/app\/wp-json\/wp\/v2\/types\/product"}],"replies":[{"embeddable":true,"href":"https:\/\/streetmarkets.fr\/app\/wp-json\/wp\/v2\/comments?post=2645084"}],"wp:featuredmedia":[{"embeddable":true,"href":"https:\/\/streetmarkets.fr\/app\/wp-json\/wp\/v2\/media\/2645085"}],"wp:attachment":[{"href":"https:\/\/streetmarkets.fr\/app\/wp-json\/wp\/v2\/media?parent=2645084"}],"wp:term":[{"taxonomy":"product_brand","embeddable":true,"href":"https:\/\/streetmarkets.fr\/app\/wp-json\/wp\/v2\/product_brand?post=2645084"},{"taxonomy":"product_cat","embeddable":true,"href":"https:\/\/streetmarkets.fr\/app\/wp-json\/wp\/v2\/product_cat?post=2645084"},{"taxonomy":"product_tag","embeddable":true,"href":"https:\/\/streetmarkets.fr\/app\/wp-json\/wp\/v2\/product_tag?post=2645084"}],"curies":[{"name":"wp","href":"https:\/\/api.w.org\/{rel}","templated":true}]}}