{"id":2645079,"date":"2025-09-13T04:05:04","date_gmt":"2025-09-13T02:05:04","guid":{"rendered":"https:\/\/streetmarkets.fr\/app\/produit\/perfume-oil-cassis\/"},"modified":"2026-05-10T03:51:24","modified_gmt":"2026-05-10T01:51:24","slug":"perfume-oil-cassis","status":"publish","type":"product","link":"https:\/\/streetmarkets.fr\/app\/produit\/perfume-oil-cassis\/","title":{"rendered":"Perfume Oil CASSIS"},"content":{"rendered":"<p>Le moment o\u00f9 les semelles rencontrent le sol. Toucher de nouvelles terres tout en revisitant un \u00e9tat d&#8217;esprit familier. Un parfum verd\u00e2tre et paradisiaque \u00e0 base de figue, de prune et de noix de coco marque le d\u00e9but d&#8217;un nouveau voyage.<\/p>\n<p>Note de T\u00eate : PR\u00dbNE, NOIX DE COCO<\/p>\n<p>Note de Coeur : FIGUE<\/p>\n<p>Note de Fond : BOIS DE SANTAL, BOIS DE C\u00c8DRE<\/p>\n<p>7350113920027<\/p>\n","protected":false},"excerpt":{"rendered":"<p>Le moment o\u00f9 les semelles rencontrent le sol. Toucher de nouvelles terres tout en revisitant un \u00e9tat d&#8217;esprit familier. Un parfum verd\u00e2tre et paradisiaque \u00e0 base de figue, de prune et de noix de coco marque le d\u00e9but d&#8217;un nouveau voyage. Note de T\u00eate : PR\u00dbNE, NOIX DE COCO Note de Coeur : FIGUE Note [&hellip;]<\/p>\n","protected":false},"featured_media":2645080,"comment_status":"open","ping_status":"closed","template":"","meta":[],"product_brand":[],"product_cat":[1756,1760],"product_tag":[2244],"acf":[],"_links":{"self":[{"href":"https:\/\/streetmarkets.fr\/app\/wp-json\/wp\/v2\/product\/2645079"}],"collection":[{"href":"https:\/\/streetmarkets.fr\/app\/wp-json\/wp\/v2\/product"}],"about":[{"href":"https:\/\/streetmarkets.fr\/app\/wp-json\/wp\/v2\/types\/product"}],"replies":[{"embeddable":true,"href":"https:\/\/streetmarkets.fr\/app\/wp-json\/wp\/v2\/comments?post=2645079"}],"wp:featuredmedia":[{"embeddable":true,"href":"https:\/\/streetmarkets.fr\/app\/wp-json\/wp\/v2\/media\/2645080"}],"wp:attachment":[{"href":"https:\/\/streetmarkets.fr\/app\/wp-json\/wp\/v2\/media?parent=2645079"}],"wp:term":[{"taxonomy":"product_brand","embeddable":true,"href":"https:\/\/streetmarkets.fr\/app\/wp-json\/wp\/v2\/product_brand?post=2645079"},{"taxonomy":"product_cat","embeddable":true,"href":"https:\/\/streetmarkets.fr\/app\/wp-json\/wp\/v2\/product_cat?post=2645079"},{"taxonomy":"product_tag","embeddable":true,"href":"https:\/\/streetmarkets.fr\/app\/wp-json\/wp\/v2\/product_tag?post=2645079"}],"curies":[{"name":"wp","href":"https:\/\/api.w.org\/{rel}","templated":true}]}}