{"id":2639604,"date":"2025-09-13T02:05:50","date_gmt":"2025-09-13T00:05:50","guid":{"rendered":"https:\/\/streetmarkets.fr\/app\/produit\/casquette-from-future-h25-accessoires-burgundy\/"},"modified":"2025-12-11T00:50:13","modified_gmt":"2025-12-10T23:50:13","slug":"casquette-from-future-h25-accessoires-burgundy","status":"publish","type":"product","link":"https:\/\/streetmarkets.fr\/app\/produit\/casquette-from-future-h25-accessoires-burgundy\/","title":{"rendered":"Casquette From Future (H25 \/ ACCESSOIRES \/ Burgundy)"},"content":{"rendered":"<p>&#8211; Casquette en velours c\u00f4tel\u00e9<br \/>\n<br \/>&#8211; Broderie From Future contrast\u00e9e<br \/>\n<br \/>&#8211; Sangle ajustable<br \/>\n<br \/>&#8211; Taille unique<\/p>\n","protected":false},"excerpt":{"rendered":"<p>&#8211; Casquette en velours c\u00f4tel\u00e9 &#8211; Broderie From Future contrast\u00e9e &#8211; Sangle ajustable &#8211; Taille unique<\/p>\n","protected":false},"featured_media":2639605,"comment_status":"open","ping_status":"closed","template":"","meta":[],"product_brand":[6868],"product_cat":[1756,1760],"product_tag":[2244,1813],"acf":[],"_links":{"self":[{"href":"https:\/\/streetmarkets.fr\/app\/wp-json\/wp\/v2\/product\/2639604"}],"collection":[{"href":"https:\/\/streetmarkets.fr\/app\/wp-json\/wp\/v2\/product"}],"about":[{"href":"https:\/\/streetmarkets.fr\/app\/wp-json\/wp\/v2\/types\/product"}],"replies":[{"embeddable":true,"href":"https:\/\/streetmarkets.fr\/app\/wp-json\/wp\/v2\/comments?post=2639604"}],"wp:featuredmedia":[{"embeddable":true,"href":"https:\/\/streetmarkets.fr\/app\/wp-json\/wp\/v2\/media\/2639605"}],"wp:attachment":[{"href":"https:\/\/streetmarkets.fr\/app\/wp-json\/wp\/v2\/media?parent=2639604"}],"wp:term":[{"taxonomy":"product_brand","embeddable":true,"href":"https:\/\/streetmarkets.fr\/app\/wp-json\/wp\/v2\/product_brand?post=2639604"},{"taxonomy":"product_cat","embeddable":true,"href":"https:\/\/streetmarkets.fr\/app\/wp-json\/wp\/v2\/product_cat?post=2639604"},{"taxonomy":"product_tag","embeddable":true,"href":"https:\/\/streetmarkets.fr\/app\/wp-json\/wp\/v2\/product_tag?post=2639604"}],"curies":[{"name":"wp","href":"https:\/\/api.w.org\/{rel}","templated":true}]}}