{"id":2639554,"date":"2025-09-13T01:46:50","date_gmt":"2025-09-12T23:46:50","guid":{"rendered":"https:\/\/streetmarkets.fr\/app\/produit\/pantalon-bleu-en-velours-cotele-de-coton-bio\/"},"modified":"2026-05-13T01:44:21","modified_gmt":"2026-05-12T23:44:21","slug":"pantalon-bleu-en-velours-cotele-de-coton-bio","status":"publish","type":"product","link":"https:\/\/streetmarkets.fr\/app\/produit\/pantalon-bleu-en-velours-cotele-de-coton-bio\/","title":{"rendered":"Pantalon bleu en velours c\u00f4tel\u00e9 de coton bio"},"content":{"rendered":"<ul>\n<li>pantalon en <strong>velours c\u00f4tel\u00e9<\/strong>\n<\/li>\n<li>taille \u00e9lastiqu\u00e9e\u00a0<\/li>\n<li>1 bouton en m\u00e9tal\n<\/li>\n<li>poches c\u00f4t\u00e9s (et fausses poches arri\u00e8res)<\/li>\n<li>coupe <strong>\u00e9vas\u00e9e<\/strong>\u00a0<\/li>\n<li>100% <strong>coton bio<\/strong>\u00a0certifi\u00e9 Gots (<span data-mce-fragment=\"1\"> CU844876)<\/span>\n<\/li>\n<li>marque \u00e9co-responsable allemande <strong>Tranquillo<\/strong>\n<\/li>\n<\/ul>\n<p><strong>Attention prendre une taille au-dessous de votre taille habituelle\u00a0<\/strong><\/p>\n<p>\u00a0<\/p>\n","protected":false},"excerpt":{"rendered":"<p>pantalon en velours c\u00f4tel\u00e9 taille \u00e9lastiqu\u00e9e\u00a0 1 bouton en m\u00e9tal poches c\u00f4t\u00e9s (et fausses poches arri\u00e8res) coupe \u00e9vas\u00e9e\u00a0 100% coton bio\u00a0certifi\u00e9 Gots ( CU844876) marque \u00e9co-responsable allemande Tranquillo Attention prendre une taille au-dessous de votre taille habituelle\u00a0 \u00a0<\/p>\n","protected":false},"featured_media":2639555,"comment_status":"open","ping_status":"closed","template":"","meta":[],"product_brand":[],"product_cat":[1756,1762],"product_tag":[1810],"acf":[],"_links":{"self":[{"href":"https:\/\/streetmarkets.fr\/app\/wp-json\/wp\/v2\/product\/2639554"}],"collection":[{"href":"https:\/\/streetmarkets.fr\/app\/wp-json\/wp\/v2\/product"}],"about":[{"href":"https:\/\/streetmarkets.fr\/app\/wp-json\/wp\/v2\/types\/product"}],"replies":[{"embeddable":true,"href":"https:\/\/streetmarkets.fr\/app\/wp-json\/wp\/v2\/comments?post=2639554"}],"wp:featuredmedia":[{"embeddable":true,"href":"https:\/\/streetmarkets.fr\/app\/wp-json\/wp\/v2\/media\/2639555"}],"wp:attachment":[{"href":"https:\/\/streetmarkets.fr\/app\/wp-json\/wp\/v2\/media?parent=2639554"}],"wp:term":[{"taxonomy":"product_brand","embeddable":true,"href":"https:\/\/streetmarkets.fr\/app\/wp-json\/wp\/v2\/product_brand?post=2639554"},{"taxonomy":"product_cat","embeddable":true,"href":"https:\/\/streetmarkets.fr\/app\/wp-json\/wp\/v2\/product_cat?post=2639554"},{"taxonomy":"product_tag","embeddable":true,"href":"https:\/\/streetmarkets.fr\/app\/wp-json\/wp\/v2\/product_tag?post=2639554"}],"curies":[{"name":"wp","href":"https:\/\/api.w.org\/{rel}","templated":true}]}}