{"id":2639546,"date":"2025-09-13T01:46:49","date_gmt":"2025-09-12T23:46:49","guid":{"rendered":"https:\/\/streetmarkets.fr\/app\/produit\/robe-rouge-motif-floral-en-ecovero\/"},"modified":"2026-05-09T01:44:15","modified_gmt":"2026-05-08T23:44:15","slug":"robe-rouge-motif-floral-en-ecovero","status":"publish","type":"product","link":"https:\/\/streetmarkets.fr\/app\/produit\/robe-rouge-motif-floral-en-ecovero\/","title":{"rendered":"Robe rouge motif floral en Ecovero"},"content":{"rendered":"<ul>\n<li>robe cintr\u00e9e\u00a0<\/li>\n<li>col bateau<\/li>\n<li>poches sur les c\u00f4t\u00e9s\u00a0<\/li>\n<li>motif <strong>floral<\/strong> \u00e9cru\u00a0<\/li>\n<li>95% jersey d&#8217;<strong>Ecovero<\/strong>, la viscose <strong>\u00e9cologique<\/strong> mise au point par <strong>Lenzing<\/strong> et 5% \u00e9lasthanne <strong><img decoding=\"async\" src=\"https:\/\/cdn.shopify.com\/s\/files\/1\/0365\/8730\/7148\/files\/badge-ecovero_32x32.jpg?v=1589974738\" alt=\"\" data-mce-fragment=\"1\"><\/strong>\n<\/li>\n<li>marque<strong> \u00e9thique<\/strong> allemande <strong>Tranquillo\u00a0<\/strong>\n<\/li>\n<\/ul>\n","protected":false},"excerpt":{"rendered":"<p>robe cintr\u00e9e\u00a0 col bateau poches sur les c\u00f4t\u00e9s\u00a0 motif floral \u00e9cru\u00a0 95% jersey d&#8217;Ecovero, la viscose \u00e9cologique mise au point par Lenzing et 5% \u00e9lasthanne marque \u00e9thique allemande Tranquillo\u00a0<\/p>\n","protected":false},"featured_media":2639547,"comment_status":"open","ping_status":"closed","template":"","meta":[],"product_brand":[],"product_cat":[1756,1762],"product_tag":[1810],"acf":[],"_links":{"self":[{"href":"https:\/\/streetmarkets.fr\/app\/wp-json\/wp\/v2\/product\/2639546"}],"collection":[{"href":"https:\/\/streetmarkets.fr\/app\/wp-json\/wp\/v2\/product"}],"about":[{"href":"https:\/\/streetmarkets.fr\/app\/wp-json\/wp\/v2\/types\/product"}],"replies":[{"embeddable":true,"href":"https:\/\/streetmarkets.fr\/app\/wp-json\/wp\/v2\/comments?post=2639546"}],"wp:featuredmedia":[{"embeddable":true,"href":"https:\/\/streetmarkets.fr\/app\/wp-json\/wp\/v2\/media\/2639547"}],"wp:attachment":[{"href":"https:\/\/streetmarkets.fr\/app\/wp-json\/wp\/v2\/media?parent=2639546"}],"wp:term":[{"taxonomy":"product_brand","embeddable":true,"href":"https:\/\/streetmarkets.fr\/app\/wp-json\/wp\/v2\/product_brand?post=2639546"},{"taxonomy":"product_cat","embeddable":true,"href":"https:\/\/streetmarkets.fr\/app\/wp-json\/wp\/v2\/product_cat?post=2639546"},{"taxonomy":"product_tag","embeddable":true,"href":"https:\/\/streetmarkets.fr\/app\/wp-json\/wp\/v2\/product_tag?post=2639546"}],"curies":[{"name":"wp","href":"https:\/\/api.w.org\/{rel}","templated":true}]}}