{"id":2639532,"date":"2025-09-13T01:46:46","date_gmt":"2025-09-12T23:46:46","guid":{"rendered":"https:\/\/streetmarkets.fr\/app\/produit\/jupe-blue-windows-en-maille-de-coton-bio\/"},"modified":"2026-04-22T01:44:31","modified_gmt":"2026-04-21T23:44:31","slug":"jupe-blue-windows-en-maille-de-coton-bio","status":"publish","type":"product","link":"https:\/\/streetmarkets.fr\/app\/produit\/jupe-blue-windows-en-maille-de-coton-bio\/","title":{"rendered":"Jupe blue windows en maille de coton bio"},"content":{"rendered":"<p>\u00a0\u00a0<\/p>\n<ul>\n<li>jupe courte\u00a0<\/li>\n<li>imprim\u00e9 bleu et beige\u00a0\n<\/li>\n<li>en maille de coton certifi\u00e9\u00a0<strong data-mce-fragment=\"1\">Gots <\/strong>(CU844876)\n<\/li>\n<li>95% <strong>coton bio<\/strong> 5% \u00e9lasthanne<img decoding=\"async\" alt=\"\" src=\"https:\/\/cdn.shopify.com\/s\/files\/1\/0365\/8730\/7148\/files\/badge-organic-gots_50x50.png?v=1589975978\" data-mce-fragment=\"1\">\n<\/li>\n<li>marque <strong>\u00e9thique<\/strong> allemande <strong>Tranquillo\u00a0<\/strong>\n<\/li>\n<\/ul>\n<p>\u00a0<\/p>\n<p><span style=\"font-size: 1.4em\">Coupe f\u00e9minine et tr\u00e8s confortable : c&#8217;est la petite jupe basique \u00e0 porter avec un gros pull !<\/span><strong><span style=\"font-size: 1.4em\">\u00a0\u00a0<\/span><\/strong><\/p>\n","protected":false},"excerpt":{"rendered":"<p>\u00a0\u00a0 jupe courte\u00a0 imprim\u00e9 bleu et beige\u00a0 en maille de coton certifi\u00e9\u00a0Gots (CU844876) 95% coton bio 5% \u00e9lasthanne marque \u00e9thique allemande Tranquillo\u00a0 \u00a0 Coupe f\u00e9minine et tr\u00e8s confortable : c&#8217;est la petite jupe basique \u00e0 porter avec un gros pull !\u00a0\u00a0<\/p>\n","protected":false},"featured_media":2639533,"comment_status":"open","ping_status":"closed","template":"","meta":[],"product_brand":[],"product_cat":[1756,1762],"product_tag":[1810],"acf":[],"_links":{"self":[{"href":"https:\/\/streetmarkets.fr\/app\/wp-json\/wp\/v2\/product\/2639532"}],"collection":[{"href":"https:\/\/streetmarkets.fr\/app\/wp-json\/wp\/v2\/product"}],"about":[{"href":"https:\/\/streetmarkets.fr\/app\/wp-json\/wp\/v2\/types\/product"}],"replies":[{"embeddable":true,"href":"https:\/\/streetmarkets.fr\/app\/wp-json\/wp\/v2\/comments?post=2639532"}],"wp:featuredmedia":[{"embeddable":true,"href":"https:\/\/streetmarkets.fr\/app\/wp-json\/wp\/v2\/media\/2639533"}],"wp:attachment":[{"href":"https:\/\/streetmarkets.fr\/app\/wp-json\/wp\/v2\/media?parent=2639532"}],"wp:term":[{"taxonomy":"product_brand","embeddable":true,"href":"https:\/\/streetmarkets.fr\/app\/wp-json\/wp\/v2\/product_brand?post=2639532"},{"taxonomy":"product_cat","embeddable":true,"href":"https:\/\/streetmarkets.fr\/app\/wp-json\/wp\/v2\/product_cat?post=2639532"},{"taxonomy":"product_tag","embeddable":true,"href":"https:\/\/streetmarkets.fr\/app\/wp-json\/wp\/v2\/product_tag?post=2639532"}],"curies":[{"name":"wp","href":"https:\/\/api.w.org\/{rel}","templated":true}]}}