{"id":2639406,"date":"2025-09-13T01:29:58","date_gmt":"2025-09-12T23:29:58","guid":{"rendered":"https:\/\/streetmarkets.fr\/app\/produit\/broche-champagne-cheri\/"},"modified":"2026-04-11T01:17:37","modified_gmt":"2026-04-10T23:17:37","slug":"broche-champagne-cheri","status":"publish","type":"product","link":"https:\/\/streetmarkets.fr\/app\/produit\/broche-champagne-cheri\/","title":{"rendered":"Broche Champagne Ch\u00e9ri"},"content":{"rendered":"<p><a href=\"\/collections\/macon-lesquoy\" title=\"Collection Macon &amp; Lesquoy\"><strong>Collection Macon &amp; Lesquoy<\/strong><\/a><\/p>\n<p><span>Taille de la broche : environ 5 x 4,4 <\/span><span>cm<\/span><span><br \/><\/span><br \/><span><\/span><span>Dessin\u00e9es et brod\u00e9es \u00e0 la main avec soin dans\u00a0leur atelier au Pakistan,\u00a0les broches Macon &amp; Lesquoy sont l&#8217;accessoire indispensable de l\u2019\u00e9l\u00e9gance&#8230;<br \/>Jusque dans leur coffret en carton et velours !<br \/>Porteuses de messages et d\u2019attention, elles savent s\u00e9duire en toutes occasions.<br \/>D\u00e9cal\u00e9es, elles seront la touche d&#8217;originalit\u00e9 dans un monde au garde \u00e0 vous.<\/span><\/p>\n<p><span>Les broderies des broches sont cr\u00e9\u00e9es et dessin\u00e9es sp\u00e9cialement par les cr\u00e9atrices M&amp;L. Elles sont enti\u00e8rement r\u00e9alis\u00e9es \u00e0 la main, en fil de cannetille, selon une technique indo-pakistanaise tr\u00e8s ancienne. C&#8217;est pour cela qu&#8217;en 2009,\u00a0elles\u00a0ont recrut\u00e9\u00a0des brodeurs au Pakistan o\u00f9\u00a0elles\u00a0ont construit\u00a0leur atelier d&#8217;artisanat.<\/span><\/p>\n<p><span>Les\u00a0broches sont fragiles. \u00c9vitez les frottements et l&#8217;eau ! Pour les garder longtemps, rangez-les soigneusement dans leur joli coffret cartonn\u00e9.<\/span><\/p>\n","protected":false},"excerpt":{"rendered":"<p>Collection Macon &amp; Lesquoy Taille de la broche : environ 5 x 4,4 cmDessin\u00e9es et brod\u00e9es \u00e0 la main avec soin dans\u00a0leur atelier au Pakistan,\u00a0les broches Macon &amp; Lesquoy sont l&#8217;accessoire indispensable de l\u2019\u00e9l\u00e9gance&#8230;Jusque dans leur coffret en carton et velours !Porteuses de messages et d\u2019attention, elles savent s\u00e9duire en toutes occasions.D\u00e9cal\u00e9es, elles seront la [&hellip;]<\/p>\n","protected":false},"featured_media":2639407,"comment_status":"open","ping_status":"closed","template":"","meta":[],"product_brand":[],"product_cat":[1756,1764],"product_tag":[2244,1813],"acf":[],"_links":{"self":[{"href":"https:\/\/streetmarkets.fr\/app\/wp-json\/wp\/v2\/product\/2639406"}],"collection":[{"href":"https:\/\/streetmarkets.fr\/app\/wp-json\/wp\/v2\/product"}],"about":[{"href":"https:\/\/streetmarkets.fr\/app\/wp-json\/wp\/v2\/types\/product"}],"replies":[{"embeddable":true,"href":"https:\/\/streetmarkets.fr\/app\/wp-json\/wp\/v2\/comments?post=2639406"}],"wp:featuredmedia":[{"embeddable":true,"href":"https:\/\/streetmarkets.fr\/app\/wp-json\/wp\/v2\/media\/2639407"}],"wp:attachment":[{"href":"https:\/\/streetmarkets.fr\/app\/wp-json\/wp\/v2\/media?parent=2639406"}],"wp:term":[{"taxonomy":"product_brand","embeddable":true,"href":"https:\/\/streetmarkets.fr\/app\/wp-json\/wp\/v2\/product_brand?post=2639406"},{"taxonomy":"product_cat","embeddable":true,"href":"https:\/\/streetmarkets.fr\/app\/wp-json\/wp\/v2\/product_cat?post=2639406"},{"taxonomy":"product_tag","embeddable":true,"href":"https:\/\/streetmarkets.fr\/app\/wp-json\/wp\/v2\/product_tag?post=2639406"}],"curies":[{"name":"wp","href":"https:\/\/api.w.org\/{rel}","templated":true}]}}