{"id":2638527,"date":"2025-09-12T08:43:08","date_gmt":"2025-09-12T06:43:08","guid":{"rendered":"https:\/\/streetmarkets.fr\/app\/produit\/pull-versi-chestnut-my-sayang\/"},"modified":"2026-05-12T08:38:59","modified_gmt":"2026-05-12T06:38:59","slug":"pull-versi-chestnut-my-sayang","status":"publish","type":"product","link":"https:\/\/streetmarkets.fr\/app\/produit\/pull-versi-chestnut-my-sayang\/","title":{"rendered":"Pull Versi CHESTNUT- My Sayang"},"content":{"rendered":"<p>Pull manches courtes, emmanchures larges. Vous pourrez aussi l&#8217;associer \u00e0 une robe.\u00a0 \u00a0<\/p>\n<p>Taille unique convenant \u00e0 tous types de morphologie<\/p>\n<p>\u00a0<\/p>\n<p>My sayang est une marque peu diffus\u00e9e, produisant en quantit\u00e9s limit\u00e9es.\u00a0<\/p>\n","protected":false},"excerpt":{"rendered":"<p>Pull manches courtes, emmanchures larges. Vous pourrez aussi l&#8217;associer \u00e0 une robe.\u00a0 \u00a0 Taille unique convenant \u00e0 tous types de morphologie \u00a0 My sayang est une marque peu diffus\u00e9e, produisant en quantit\u00e9s limit\u00e9es.\u00a0<\/p>\n","protected":false},"featured_media":2638528,"comment_status":"open","ping_status":"closed","template":"","meta":[],"product_brand":[],"product_cat":[1756,1762],"product_tag":[2244],"acf":[],"_links":{"self":[{"href":"https:\/\/streetmarkets.fr\/app\/wp-json\/wp\/v2\/product\/2638527"}],"collection":[{"href":"https:\/\/streetmarkets.fr\/app\/wp-json\/wp\/v2\/product"}],"about":[{"href":"https:\/\/streetmarkets.fr\/app\/wp-json\/wp\/v2\/types\/product"}],"replies":[{"embeddable":true,"href":"https:\/\/streetmarkets.fr\/app\/wp-json\/wp\/v2\/comments?post=2638527"}],"wp:featuredmedia":[{"embeddable":true,"href":"https:\/\/streetmarkets.fr\/app\/wp-json\/wp\/v2\/media\/2638528"}],"wp:attachment":[{"href":"https:\/\/streetmarkets.fr\/app\/wp-json\/wp\/v2\/media?parent=2638527"}],"wp:term":[{"taxonomy":"product_brand","embeddable":true,"href":"https:\/\/streetmarkets.fr\/app\/wp-json\/wp\/v2\/product_brand?post=2638527"},{"taxonomy":"product_cat","embeddable":true,"href":"https:\/\/streetmarkets.fr\/app\/wp-json\/wp\/v2\/product_cat?post=2638527"},{"taxonomy":"product_tag","embeddable":true,"href":"https:\/\/streetmarkets.fr\/app\/wp-json\/wp\/v2\/product_tag?post=2638527"}],"curies":[{"name":"wp","href":"https:\/\/api.w.org\/{rel}","templated":true}]}}