{"id":2638455,"date":"2025-09-12T07:36:52","date_gmt":"2025-09-12T05:36:52","guid":{"rendered":"https:\/\/streetmarkets.fr\/app\/produit\/chaussettes-cachemire-madluv-samy-3\/"},"modified":"2026-05-08T07:37:14","modified_gmt":"2026-05-08T05:37:14","slug":"chaussettes-cachemire-madluv-samy-3","status":"publish","type":"product","link":"https:\/\/streetmarkets.fr\/app\/produit\/chaussettes-cachemire-madluv-samy-3\/","title":{"rendered":"Chaussettes Cachemire Madluv SAMY"},"content":{"rendered":"<p>SAMY : Chaussettes100% cachemire aux extr\u00e9mit\u00e9s ouvertes avec un tricotage \u00e0 c\u00f4tes pour une tenue parfaite. &#8211; Bord color\u00e9 qui ajoute une touche d\u2019audace.100% cachemire- Taille Unique &#8211; Coloris : Gris + bord color\u00e9 Jaune. Existe aussi en Bleu, Camel, Vert.<\/p>\n","protected":false},"excerpt":{"rendered":"<p>SAMY : Chaussettes100% cachemire aux extr\u00e9mit\u00e9s ouvertes avec un tricotage \u00e0 c\u00f4tes pour une tenue parfaite. &#8211; Bord color\u00e9 qui ajoute une touche d\u2019audace.100% cachemire- Taille Unique &#8211; Coloris : Gris + bord color\u00e9 Jaune. Existe aussi en Bleu, Camel, Vert.<\/p>\n","protected":false},"featured_media":2638456,"comment_status":"open","ping_status":"closed","template":"","meta":[],"product_brand":[],"product_cat":[1756,1764],"product_tag":[2244],"acf":[],"_links":{"self":[{"href":"https:\/\/streetmarkets.fr\/app\/wp-json\/wp\/v2\/product\/2638455"}],"collection":[{"href":"https:\/\/streetmarkets.fr\/app\/wp-json\/wp\/v2\/product"}],"about":[{"href":"https:\/\/streetmarkets.fr\/app\/wp-json\/wp\/v2\/types\/product"}],"replies":[{"embeddable":true,"href":"https:\/\/streetmarkets.fr\/app\/wp-json\/wp\/v2\/comments?post=2638455"}],"wp:featuredmedia":[{"embeddable":true,"href":"https:\/\/streetmarkets.fr\/app\/wp-json\/wp\/v2\/media\/2638456"}],"wp:attachment":[{"href":"https:\/\/streetmarkets.fr\/app\/wp-json\/wp\/v2\/media?parent=2638455"}],"wp:term":[{"taxonomy":"product_brand","embeddable":true,"href":"https:\/\/streetmarkets.fr\/app\/wp-json\/wp\/v2\/product_brand?post=2638455"},{"taxonomy":"product_cat","embeddable":true,"href":"https:\/\/streetmarkets.fr\/app\/wp-json\/wp\/v2\/product_cat?post=2638455"},{"taxonomy":"product_tag","embeddable":true,"href":"https:\/\/streetmarkets.fr\/app\/wp-json\/wp\/v2\/product_tag?post=2638455"}],"curies":[{"name":"wp","href":"https:\/\/api.w.org\/{rel}","templated":true}]}}