{"id":2631544,"date":"2025-09-12T00:59:42","date_gmt":"2025-09-11T22:59:42","guid":{"rendered":"https:\/\/streetmarkets.fr\/app\/produit\/bague-perles-manille\/"},"modified":"2026-05-05T00:58:57","modified_gmt":"2026-05-04T22:58:57","slug":"bague-perles-manille","status":"publish","type":"product","link":"https:\/\/streetmarkets.fr\/app\/produit\/bague-perles-manille\/","title":{"rendered":"Bague Perles Manille"},"content":{"rendered":"<p>Bague Perle Manille : Cinq fois la douceur, une seule bague !\u00a0<br \/>La Bague Perle Manille entrem\u00eale les lignes et les perles avec gr\u00e2ce : cinq anneaux fins dor\u00e9s \u00e0 l\u2019or fin s\u2019enlacent autour du doigt, comme un jeu tout en subtilit\u00e9. Chacun d\u2019eux accueille une perle d\u2019eau douce, comme un \u00e9clat nacr\u00e9 suspendu dans le temps.<\/p>\n<p>Cette bague contemporaine, sculpt\u00e9e \u00e0 la main dans l\u2019atelier parisien de la cr\u00e9atrice, c\u00e9l\u00e8bre la po\u00e9sie des mati\u00e8res naturelles et la beaut\u00e9 des finitions pr\u00e9cises. Une pi\u00e8ce tout en \u00e9quilibre, lumineuse et organique.<\/p>\n<p>On aime :<br data-start=\"576\" data-end=\"579\">\u2013 Les 5 anneaux fins qui cr\u00e9ent un effet tr\u00e8s l\u00e9ger.<br data-start=\"637\" data-end=\"640\">\u2013 Les perles d\u2019eau douce naturelles aux reflets nacr\u00e9s.<br data-start=\"694\" data-end=\"697\">\u2013 La fabrication artisanale 100 % parisienne.<br data-start=\"741\" data-end=\"744\">\u2013 Sa r\u00e9sistance \u00e0 l\u2019eau et au quotidien.<\/p>\n","protected":false},"excerpt":{"rendered":"<p>Bague Perle Manille : Cinq fois la douceur, une seule bague !\u00a0La Bague Perle Manille entrem\u00eale les lignes et les perles avec gr\u00e2ce : cinq anneaux fins dor\u00e9s \u00e0 l\u2019or fin s\u2019enlacent autour du doigt, comme un jeu tout en subtilit\u00e9. Chacun d\u2019eux accueille une perle d\u2019eau douce, comme un \u00e9clat nacr\u00e9 suspendu dans le [&hellip;]<\/p>\n","protected":false},"featured_media":2631545,"comment_status":"open","ping_status":"closed","template":"","meta":[],"product_brand":[],"product_cat":[1807,1756],"product_tag":[1813],"acf":[],"_links":{"self":[{"href":"https:\/\/streetmarkets.fr\/app\/wp-json\/wp\/v2\/product\/2631544"}],"collection":[{"href":"https:\/\/streetmarkets.fr\/app\/wp-json\/wp\/v2\/product"}],"about":[{"href":"https:\/\/streetmarkets.fr\/app\/wp-json\/wp\/v2\/types\/product"}],"replies":[{"embeddable":true,"href":"https:\/\/streetmarkets.fr\/app\/wp-json\/wp\/v2\/comments?post=2631544"}],"wp:featuredmedia":[{"embeddable":true,"href":"https:\/\/streetmarkets.fr\/app\/wp-json\/wp\/v2\/media\/2631545"}],"wp:attachment":[{"href":"https:\/\/streetmarkets.fr\/app\/wp-json\/wp\/v2\/media?parent=2631544"}],"wp:term":[{"taxonomy":"product_brand","embeddable":true,"href":"https:\/\/streetmarkets.fr\/app\/wp-json\/wp\/v2\/product_brand?post=2631544"},{"taxonomy":"product_cat","embeddable":true,"href":"https:\/\/streetmarkets.fr\/app\/wp-json\/wp\/v2\/product_cat?post=2631544"},{"taxonomy":"product_tag","embeddable":true,"href":"https:\/\/streetmarkets.fr\/app\/wp-json\/wp\/v2\/product_tag?post=2631544"}],"curies":[{"name":"wp","href":"https:\/\/api.w.org\/{rel}","templated":true}]}}