{"id":2631527,"date":"2025-09-12T00:59:38","date_gmt":"2025-09-11T22:59:38","guid":{"rendered":"https:\/\/streetmarkets.fr\/app\/produit\/charms-abeille\/"},"modified":"2026-05-10T00:58:41","modified_gmt":"2026-05-09T22:58:41","slug":"charms-abeille","status":"publish","type":"product","link":"https:\/\/streetmarkets.fr\/app\/produit\/charms-abeille\/","title":{"rendered":"Charms Abeille"},"content":{"rendered":"<p>Charm Abeille : L\u2019abeille qui fait tout le miel du style !\u00a0<br \/>Fine, solaire et pleine de symbolique, notre petite abeille dor\u00e9e se pose sur nos mini cr\u00e9oles comme un clin d\u2019\u0153il pr\u00e9cieux. Son corps lisse et stri\u00e9 capte la lumi\u00e8re avec subtilit\u00e9, pour une touche dor\u00e9e qui bourdonne de style. \u00c0 enfiler sur nos bases mono boucle pour une oreille qui sort du lot.<\/p>\n<p>Pourquoi on l\u2019adopte :<br data-start=\"497\" data-end=\"500\">\u2013 Son design tout en finesse et symbolique.<br data-start=\"534\" data-end=\"537\">\u2013 Un bijou miniature \u00e0 mixer selon nos envies.<br data-start=\"582\" data-end=\"585\">\u2013 Compatible avec toutes nos bases mono boucle.<br data-start=\"631\" data-end=\"634\">\u2013 R\u00e9siste au quotidien, \u00e0 l\u2019eau, au temps.<\/p>\n","protected":false},"excerpt":{"rendered":"<p>Charm Abeille : L\u2019abeille qui fait tout le miel du style !\u00a0Fine, solaire et pleine de symbolique, notre petite abeille dor\u00e9e se pose sur nos mini cr\u00e9oles comme un clin d\u2019\u0153il pr\u00e9cieux. Son corps lisse et stri\u00e9 capte la lumi\u00e8re avec subtilit\u00e9, pour une touche dor\u00e9e qui bourdonne de style. \u00c0 enfiler sur nos bases [&hellip;]<\/p>\n","protected":false},"featured_media":2631528,"comment_status":"open","ping_status":"closed","template":"","meta":[],"product_brand":[],"product_cat":[1807,1756],"product_tag":[1813],"acf":[],"_links":{"self":[{"href":"https:\/\/streetmarkets.fr\/app\/wp-json\/wp\/v2\/product\/2631527"}],"collection":[{"href":"https:\/\/streetmarkets.fr\/app\/wp-json\/wp\/v2\/product"}],"about":[{"href":"https:\/\/streetmarkets.fr\/app\/wp-json\/wp\/v2\/types\/product"}],"replies":[{"embeddable":true,"href":"https:\/\/streetmarkets.fr\/app\/wp-json\/wp\/v2\/comments?post=2631527"}],"wp:featuredmedia":[{"embeddable":true,"href":"https:\/\/streetmarkets.fr\/app\/wp-json\/wp\/v2\/media\/2631528"}],"wp:attachment":[{"href":"https:\/\/streetmarkets.fr\/app\/wp-json\/wp\/v2\/media?parent=2631527"}],"wp:term":[{"taxonomy":"product_brand","embeddable":true,"href":"https:\/\/streetmarkets.fr\/app\/wp-json\/wp\/v2\/product_brand?post=2631527"},{"taxonomy":"product_cat","embeddable":true,"href":"https:\/\/streetmarkets.fr\/app\/wp-json\/wp\/v2\/product_cat?post=2631527"},{"taxonomy":"product_tag","embeddable":true,"href":"https:\/\/streetmarkets.fr\/app\/wp-json\/wp\/v2\/product_tag?post=2631527"}],"curies":[{"name":"wp","href":"https:\/\/api.w.org\/{rel}","templated":true}]}}