{"id":2626434,"date":"2025-09-11T01:31:07","date_gmt":"2025-09-10T23:31:07","guid":{"rendered":"https:\/\/streetmarkets.fr\/app\/produit\/fam-jean-francine-indigo\/"},"modified":"2025-12-14T00:29:48","modified_gmt":"2025-12-13T23:29:48","slug":"fam-jean-francine-indigo","status":"publish","type":"product","link":"https:\/\/streetmarkets.fr\/app\/produit\/fam-jean-francine-indigo\/","title":{"rendered":"FAM &#8211; Jean Francine Indigo"},"content":{"rendered":"<p>Avec sa taille haute flatteuse et sa coupe \u00e9vas\u00e9e, le jean FRANCINE sublime la silhouette tout en apportant une touche de f\u00e9minit\u00e9 assum\u00e9e. Sa teinte bleu marine \u00e9l\u00e9gante en fait une pi\u00e8ce facile \u00e0 associer au quotidien comme au bureau. \u00c0 porter en total look avec la veste INES pour un style &#8220;workgirl&#8221; affirm\u00e9, ou mix\u00e9 \u00e0 un top plus casual pour un look effortless chic.<\/p>\n<ul>\n<li>Coupe \u00e9vas\u00e9e<\/li>\n<li>Longueur normale<\/li>\n<li>Taille haute<\/li>\n<li>2 poches \u00e0 l&#8217;italienne devant<\/li>\n<li>Une poche passepoil\u00e9e au dos<\/li>\n<li>Passants \u00e0 la taille<\/li>\n<\/ul>\n<p>82% Coton, 17% Polyester, 1% \u00c9lasthanne<\/p>\n","protected":false},"excerpt":{"rendered":"<p>Avec sa taille haute flatteuse et sa coupe \u00e9vas\u00e9e, le jean FRANCINE sublime la silhouette tout en apportant une touche de f\u00e9minit\u00e9 assum\u00e9e. Sa teinte bleu marine \u00e9l\u00e9gante en fait une pi\u00e8ce facile \u00e0 associer au quotidien comme au bureau. \u00c0 porter en total look avec la veste INES pour un style &#8220;workgirl&#8221; affirm\u00e9, ou [&hellip;]<\/p>\n","protected":false},"featured_media":2626435,"comment_status":"open","ping_status":"closed","template":"","meta":[],"product_brand":[],"product_cat":[1756,1762],"product_tag":[1810],"acf":[],"_links":{"self":[{"href":"https:\/\/streetmarkets.fr\/app\/wp-json\/wp\/v2\/product\/2626434"}],"collection":[{"href":"https:\/\/streetmarkets.fr\/app\/wp-json\/wp\/v2\/product"}],"about":[{"href":"https:\/\/streetmarkets.fr\/app\/wp-json\/wp\/v2\/types\/product"}],"replies":[{"embeddable":true,"href":"https:\/\/streetmarkets.fr\/app\/wp-json\/wp\/v2\/comments?post=2626434"}],"wp:featuredmedia":[{"embeddable":true,"href":"https:\/\/streetmarkets.fr\/app\/wp-json\/wp\/v2\/media\/2626435"}],"wp:attachment":[{"href":"https:\/\/streetmarkets.fr\/app\/wp-json\/wp\/v2\/media?parent=2626434"}],"wp:term":[{"taxonomy":"product_brand","embeddable":true,"href":"https:\/\/streetmarkets.fr\/app\/wp-json\/wp\/v2\/product_brand?post=2626434"},{"taxonomy":"product_cat","embeddable":true,"href":"https:\/\/streetmarkets.fr\/app\/wp-json\/wp\/v2\/product_cat?post=2626434"},{"taxonomy":"product_tag","embeddable":true,"href":"https:\/\/streetmarkets.fr\/app\/wp-json\/wp\/v2\/product_tag?post=2626434"}],"curies":[{"name":"wp","href":"https:\/\/api.w.org\/{rel}","templated":true}]}}